{"id":5285,"date":"2024-10-23T11:26:18","date_gmt":"2024-10-23T09:26:18","guid":{"rendered":"http:\/\/quandtproperties.com\/?page_id=5285"},"modified":"2024-10-23T11:31:47","modified_gmt":"2024-10-23T09:31:47","slug":"datenschutzerklarung","status":"publish","type":"page","link":"https:\/\/quandtproperties.com\/index.php\/de\/datenschutzerklarung\/","title":{"rendered":"Datenschutzerkl\u00e4rung"},"content":{"rendered":"\t\t<div data-elementor-type=\"wp-page\" data-elementor-id=\"5285\" class=\"elementor elementor-5285\" data-elementor-post-type=\"page\">\n\t\t\t\t<div class=\"elementor-element elementor-element-50f769c5 e-flex e-con-boxed e-con e-parent\" data-id=\"50f769c5\" data-element_type=\"container\" data-settings=\"{&quot;background_background&quot;:&quot;classic&quot;,&quot;background_motion_fx_motion_fx_scrolling&quot;:&quot;yes&quot;,&quot;background_motion_fx_scale_effect&quot;:&quot;yes&quot;,&quot;background_motion_fx_scale_speed&quot;:{&quot;unit&quot;:&quot;px&quot;,&quot;size&quot;:5,&quot;sizes&quot;:[]},&quot;background_motion_fx_scale_direction&quot;:&quot;out-in&quot;,&quot;background_motion_fx_scale_range&quot;:{&quot;unit&quot;:&quot;%&quot;,&quot;size&quot;:&quot;&quot;,&quot;sizes&quot;:{&quot;start&quot;:20,&quot;end&quot;:80}},&quot;background_motion_fx_devices&quot;:[&quot;desktop&quot;,&quot;tablet&quot;,&quot;mobile&quot;]}\">\n\t\t\t\t\t<div class=\"e-con-inner\">\n\t\t\t\t<div class=\"elementor-element elementor-element-142a5735 elementor-widget elementor-widget-spacer\" data-id=\"142a5735\" data-element_type=\"widget\" data-widget_type=\"spacer.default\">\n\t\t\t\t<div class=\"elementor-widget-container\">\n\t\t\t\t\t\t\t<div class=\"elementor-spacer\">\n\t\t\t<div class=\"elementor-spacer-inner\"><\/div>\n\t\t<\/div>\n\t\t\t\t\t\t<\/div>\n\t\t\t\t<\/div>\n\t\t\t\t<div class=\"elementor-element elementor-element-797e10dc animated-fast elementor-invisible elementor-widget elementor-widget-heading\" data-id=\"797e10dc\" data-element_type=\"widget\" data-settings=\"{&quot;_animation&quot;:&quot;fadeInUp&quot;,&quot;_animation_delay&quot;:200}\" data-widget_type=\"heading.default\">\n\t\t\t\t<div class=\"elementor-widget-container\">\n\t\t\t\t\t<p class=\"elementor-heading-title elementor-size-default\"><span style=\"font-family: &quot;Open Sans&quot;, sans-serif; font-size: 14px; font-style: normal; text-align: var(--text-align);\"><\/span><div><span style=\"font-family: &quot;Open Sans&quot;, sans-serif; font-size: 14px; font-style: normal; text-align: var(--text-align);\"><\/span><\/div><\/p>\t\t\t\t<\/div>\n\t\t\t\t<\/div>\n\t\t\t\t<div class=\"elementor-element elementor-element-5773a81 elementor-widget__width-inherit elementor-absolute elementor-widget elementor-widget-html\" data-id=\"5773a81\" data-element_type=\"widget\" data-settings=\"{&quot;_position&quot;:&quot;absolute&quot;}\" data-widget_type=\"html.default\">\n\t\t\t\t<div class=\"elementor-widget-container\">\n\t\t\t\t\t\n<!--Waves Container-->\n<div>\n<svg class=\"waves\" xmlns=\"http:\/\/www.w3.org\/2000\/svg\" xmlns:xlink=\"http:\/\/www.w3.org\/1999\/xlink\"\nviewBox=\"0 24 150 28\" preserveAspectRatio=\"none\" shape-rendering=\"auto\">\n<defs>\n<path id=\"gentle-wave\" d=\"M-160 44c30 0 58-18 88-18s 58 18 88 18 58-18 88-18 58 18 88 18 v44h-352z\" \/>\n<\/defs>\n<g class=\"parallax\">\n\n<use xlink:href=\"#gentle-wave\" x=\"48\" y=\"7\" fill=\"#fff\" \/>\n<\/g>\n<\/svg>\n<\/div>\n<!--Waves end-->\n\t\t\t\t<\/div>\n\t\t\t\t<\/div>\n\t\t\t\t<div class=\"elementor-element elementor-element-a0a6568 animated-fast elementor-invisible elementor-widget elementor-widget-heading\" data-id=\"a0a6568\" data-element_type=\"widget\" data-settings=\"{&quot;_animation&quot;:&quot;fadeInUp&quot;}\" data-widget_type=\"heading.default\">\n\t\t\t\t<div class=\"elementor-widget-container\">\n\t\t\t\t\t<h2 class=\"elementor-heading-title elementor-size-default\">Datenschutzerkl\u00e4rung<\/h2>\t\t\t\t<\/div>\n\t\t\t\t<\/div>\n\t\t\t\t\t<\/div>\n\t\t\t\t<\/div>\n\t\t<div class=\"elementor-element elementor-element-a614703 e-flex e-con-boxed e-con e-parent\" data-id=\"a614703\" data-element_type=\"container\">\n\t\t\t\t\t<div class=\"e-con-inner\">\n\t\t\t\t<div class=\"elementor-element elementor-element-8d99ba9 elementor-widget elementor-widget-spacer\" data-id=\"8d99ba9\" data-element_type=\"widget\" data-widget_type=\"spacer.default\">\n\t\t\t\t<div class=\"elementor-widget-container\">\n\t\t\t\t\t\t\t<div class=\"elementor-spacer\">\n\t\t\t<div class=\"elementor-spacer-inner\"><\/div>\n\t\t<\/div>\n\t\t\t\t\t\t<\/div>\n\t\t\t\t<\/div>\n\t\t\t\t\t<\/div>\n\t\t\t\t<\/div>\n\t\t<div class=\"elementor-element elementor-element-ddec0fa e-flex e-con-boxed e-con e-parent\" data-id=\"ddec0fa\" data-element_type=\"container\">\n\t\t\t\t\t<div class=\"e-con-inner\">\n\t\t\t\t<div class=\"elementor-element elementor-element-d5f16f7 elementor-widget elementor-widget-text-editor\" data-id=\"d5f16f7\" data-element_type=\"widget\" data-widget_type=\"text-editor.default\">\n\t\t\t\t<div class=\"elementor-widget-container\">\n\t\t\t\t\t\t\t\t\t<p style=\"font-weight: 400;\">Unsere Datenschutzerkl\u00e4rung wird gem\u00e4\u00df der Verordnung des Europ\u00e4ischen Parlaments und des Rates (EU) 2016\/679 vom 27. April 2016 zum Schutz nat\u00fcrlicher Personen bei der Verarbeitung personenbezogener Daten und zum freien Datenverkehr, sowie zur Aufhebung der Richtlinie 95\/46\/EG (allgemein bekannt als \u201eDSGVO\u201c) umgesetzt.<\/p>\n\n<h4><strong>Verantwortlicher f\u00fcr die Datenverarbeitung<\/strong><\/h4>\n<p style=\"font-weight: 400;\">F\u00fcr die Verarbeitung Ihrer personenbezogenen Daten verantwortlich ist Quandt Investments Sp. z o.o., die unter der Marke Quandt Properties t\u00e4tig ist, mit Sitz in Warschau, Polen, Adama Branickiego Stra\u00dfe 15, 02-972 Warschau, Steuernummer (NIP): 1231558518.<\/p>\n\n<h4><strong>Kontaktinformationen bez\u00fcglich der Datenverarbeitung<\/strong><\/h4>\n<p style=\"font-weight: 400;\">F\u00fcr Anfragen zur Verarbeitung Ihrer personenbezogenen Daten kontaktieren Sie bitte den Verantwortlichen \u00fcber folgende Wege:\nE-Mail: biuro@quandtproperties.com\nTelefon: +48 538 538 309\nAdresse: Quandt Investments Sp. z o.o., Adama Branickiego Stra\u00dfe 15, 02-972 Warschau, Polen.<\/p>\n\n<h4><strong>Arten der verarbeiteten personenbezogenen Daten<\/strong><\/h4>\n<p style=\"font-weight: 400;\">Wir verarbeiten folgende personenbezogene Daten: Name, Nachname, E-Mail-Adresse und Telefonnummer, die Sie uns \u00fcber das Kontaktformular auf unserer Website zur Verf\u00fcgung gestellt haben.<\/p>\n\n<h4><strong>Quelle der personenbezogenen Daten<\/strong><\/h4>\n<p style=\"font-weight: 400;\">Ihre personenbezogenen Daten wurden von Ihnen selbst \u00fcber das Anfrageformular auf unserer Website oder durch die Anmeldung zum Newsletter bereitgestellt.<\/p>\n\n<h4><strong>Zweck der Datenverarbeitung, Rechtsgrundlage und berechtigte Interessen<\/strong><\/h4>\n<p style=\"font-weight: 400;\">Ihre personenbezogenen Daten werden f\u00fcr folgende Zwecke verarbeitet:<\/p>\n\n<ul>\n \t<li>Kontaktaufnahme und Bereitstellung der angeforderten Informationen im Zusammenhang mit unserer Gesch\u00e4ftst\u00e4tigkeit \u00fcber das Kontaktformular (Rechtsgrundlage: Art. 6 Abs. 1 lit. a DSGVO).<\/li>\n \t<li>Direktmarketing von Dienstleistungen auf Basis unseres berechtigten Interesses (Art. 6 Abs. 1 lit. f DSGVO) sowie auf Grundlage Ihrer Einwilligung (Art. 6 Abs. 1 lit. a DSGVO).<\/li>\n \t<li>Versendung von kommerziellen Informationen per E-Mail auf Grundlage Ihrer vorherigen Einwilligung (Art. 6 Abs. 1 lit. a DSGVO).<\/li>\n \t<li>Versand des bestellten Newsletters auf Basis Ihrer Einwilligung (Art. 6 Abs. 1 lit. a DSGVO).<\/li>\n \t<li>Untersuchung von Dienstleistungspr\u00e4ferenzen auf Basis unseres berechtigten Interesses (Art. 6 Abs. 1 lit. f DSGVO).<\/li>\n \t<li>Geltendmachung, Verfolgung oder Verteidigung von Anspr\u00fcchen, die aus Vertr\u00e4gen oder der Verarbeitung personenbezogener Daten resultieren (Art. 6 Abs. 1 lit. f DSGVO).<\/li>\n<\/ul>\n<p style=\"font-weight: 400;\">Die Verarbeitung Ihrer Daten erfolgt nicht automatisiert, einschlie\u00dflich Profiling.<\/p>\n\n<h4><strong>Kategorien von Empf\u00e4ngern<\/strong><\/h4>\n<p style=\"font-weight: 400;\">Ihre personenbezogenen Daten k\u00f6nnen an folgende Kategorien von Empf\u00e4ngern weitergegeben werden:<\/p>\n\n<ul>\n \t<li>Vertrauensw\u00fcrdige Immobilienagenturen, mit denen wir zusammenarbeiten.<\/li>\n \t<li>Anbieter von IT-Dienstleistungen (z. B. Website-Hosting), Telefon- und E-Mail-Dienstleistungen, Marketing-Dienstleistungen sowie staatliche Stellen oder Gerichte, wenn dies gesetzlich erforderlich ist.<\/li>\n<\/ul>\n<h4><strong>Daten\u00fcbermittlung au\u00dferhalb des Europ\u00e4ischen Wirtschaftsraums<\/strong><\/h4>\n<p style=\"font-weight: 400;\">Ihre personenbezogenen Daten werden nicht au\u00dferhalb des Europ\u00e4ischen Wirtschaftsraums \u00fcbermittelt.<\/p>\n\n<h4><strong>Aufbewahrungsdauer der Daten<\/strong><\/h4>\n<p style=\"font-weight: 400;\">Ihre personenbezogenen Daten werden f\u00fcr folgende Zeitr\u00e4ume gespeichert:<\/p>\n\n<ul>\n \t<li>Kontakt \u00fcber das Kontaktformular bis zum Widerruf Ihrer Einwilligung oder bis zum Abschluss eines Vertrags.<\/li>\n \t<li>Geltendmachung oder Verteidigung von Anspr\u00fcchen bis zum Ablauf der Verj\u00e4hrungsfrist.<\/li>\n \t<li>Direktmarketing von Dienstleistungen bis zum Widerruf Ihrer Einwilligung.<\/li>\n \t<li>Versand von kommerziellen Informationen oder Newslettern bis zum Widerruf Ihrer Einwilligung.<\/li>\n \t<li>Untersuchung von Dienstleistungspr\u00e4ferenzen bis zum Widerruf Ihrer Einwilligung.<\/li>\n<\/ul>\n<h4><strong>Ihre Rechte<\/strong><\/h4>\n<p style=\"font-weight: 400;\">Sie haben das Recht:<\/p>\n\n<ul>\n \t<li>Zugang zu Ihren personenbezogenen Daten zu verlangen, sie zu berichtigen, zu l\u00f6schen oder die Verarbeitung einzuschr\u00e4nken.<\/li>\n \t<li>Der Verarbeitung zu widersprechen und die \u00dcbertragbarkeit der Daten zu verlangen.<\/li>\n \t<li>Ihre Einwilligung jederzeit zu widerrufen, ohne die Rechtm\u00e4\u00dfigkeit der Verarbeitung vor dem Widerruf zu beeintr\u00e4chtigen.<\/li>\n \t<li>Der Verarbeitung personenbezogener Daten f\u00fcr Direktmarketingzwecke zu widersprechen, einschlie\u00dflich Profiling.<\/li>\n \t<li>Eine Beschwerde beim Pr\u00e4sidenten des Amtes f\u00fcr den Schutz personenbezogener Daten einzureichen, wenn Sie der Ansicht sind, dass die Verarbeitung gegen die DSGVO verst\u00f6\u00dft.<\/li>\n<\/ul>\n<h4><strong>Informationen zur Bereitstellung von Daten<\/strong><\/h4>\n<p style=\"font-weight: 400;\">Die Bereitstellung Ihrer personenbezogenen Daten ist freiwillig. Ohne diese k\u00f6nnen wir jedoch keine Antworten auf Ihre Anfragen, kommerzielle Informationen, Newsletter oder Details zu unseren Angeboten bereitstellen.<\/p>\n\n<h4><strong>Cookie-Richtlinie<\/strong><\/h4>\n<p style=\"font-weight: 400;\">Die Website <a href=\"https:\/\/www.quandtproperties.com\/\">https:\/\/www.quandtproperties.com<\/a> verwendet Cookies, die auf Ihrem Endger\u00e4t wie einem Computer oder Smartphone gespeichert werden. Diese Dateien werden zu folgenden Zwecken genutzt:<\/p>\n\n<ul>\n \t<li>Sicherstellung des ordnungsgem\u00e4\u00dfen Funktionierens der Website, einschlie\u00dflich der Aufrechterhaltung einer Login-Session.<\/li>\n \t<li>Anpassung der angebotenen Dienstleistungen an Ihre Pr\u00e4ferenzen.<\/li>\n \t<li>Speichern Ihrer individuellen Einstellungen.<\/li>\n \t<li><\/li>\n \t<li>Statistische und analytische Zwecke.<\/li>\n<\/ul>\n<p style=\"font-weight: 400;\">Durch die Nutzung der Website <a href=\"https:\/\/www.quandtproperties.com\/\">https:\/\/www.quandtproperties.com<\/a> akzeptieren Sie unsere Cookie-Richtlinie.<\/p>\t\t\t\t\t\t\t\t<\/div>\n\t\t\t\t<\/div>\n\t\t\t\t\t<\/div>\n\t\t\t\t<\/div>\n\t\t\t\t<\/div>\n\t\t","protected":false},"excerpt":{"rendered":"<p>Datenschutzerkl\u00e4rung Unsere Datenschutzerkl\u00e4rung wird gem\u00e4\u00df der Verordnung des Europ\u00e4ischen Parlaments und des Rates (EU) 2016\/679 vom 27. April&#8230;<\/p>\n","protected":false},"author":1,"featured_media":0,"parent":0,"menu_order":0,"comment_status":"closed","ping_status":"closed","template":"elementor_header_footer","meta":{"inline_featured_image":false,"footnotes":""},"class_list":["post-5285","page","type-page","status-publish","hentry"],"_links":{"self":[{"href":"https:\/\/quandtproperties.com\/index.php\/wp-json\/wp\/v2\/pages\/5285","targetHints":{"allow":["GET"]}}],"collection":[{"href":"https:\/\/quandtproperties.com\/index.php\/wp-json\/wp\/v2\/pages"}],"about":[{"href":"https:\/\/quandtproperties.com\/index.php\/wp-json\/wp\/v2\/types\/page"}],"author":[{"embeddable":true,"href":"https:\/\/quandtproperties.com\/index.php\/wp-json\/wp\/v2\/users\/1"}],"replies":[{"embeddable":true,"href":"https:\/\/quandtproperties.com\/index.php\/wp-json\/wp\/v2\/comments?post=5285"}],"version-history":[{"count":10,"href":"https:\/\/quandtproperties.com\/index.php\/wp-json\/wp\/v2\/pages\/5285\/revisions"}],"predecessor-version":[{"id":5295,"href":"https:\/\/quandtproperties.com\/index.php\/wp-json\/wp\/v2\/pages\/5285\/revisions\/5295"}],"wp:attachment":[{"href":"https:\/\/quandtproperties.com\/index.php\/wp-json\/wp\/v2\/media?parent=5285"}],"curies":[{"name":"wp","href":"https:\/\/api.w.org\/{rel}","templated":true}]}}