{"id":5184,"date":"2024-10-22T20:37:48","date_gmt":"2024-10-22T18:37:48","guid":{"rendered":"http:\/\/quandtproperties.com\/?page_id=5184"},"modified":"2026-02-22T11:34:35","modified_gmt":"2026-02-22T10:34:35","slug":"team","status":"publish","type":"page","link":"https:\/\/quandtproperties.com\/index.php\/de\/team\/","title":{"rendered":"Team"},"content":{"rendered":"\t\t<div data-elementor-type=\"wp-page\" data-elementor-id=\"5184\" class=\"elementor elementor-5184\" data-elementor-post-type=\"page\">\n\t\t\t\t<div class=\"elementor-element elementor-element-50c5c2e2 e-flex e-con-boxed e-con e-parent\" data-id=\"50c5c2e2\" data-element_type=\"container\" data-settings=\"{&quot;background_background&quot;:&quot;classic&quot;,&quot;background_motion_fx_motion_fx_scrolling&quot;:&quot;yes&quot;,&quot;background_motion_fx_scale_effect&quot;:&quot;yes&quot;,&quot;background_motion_fx_scale_speed&quot;:{&quot;unit&quot;:&quot;px&quot;,&quot;size&quot;:5,&quot;sizes&quot;:[]},&quot;background_motion_fx_scale_direction&quot;:&quot;out-in&quot;,&quot;background_motion_fx_scale_range&quot;:{&quot;unit&quot;:&quot;%&quot;,&quot;size&quot;:&quot;&quot;,&quot;sizes&quot;:{&quot;start&quot;:20,&quot;end&quot;:80}},&quot;background_motion_fx_devices&quot;:[&quot;desktop&quot;,&quot;tablet&quot;,&quot;mobile&quot;]}\">\n\t\t\t\t\t<div class=\"e-con-inner\">\n\t\t\t\t<div class=\"elementor-element elementor-element-7226c4bd elementor-widget elementor-widget-spacer\" data-id=\"7226c4bd\" data-element_type=\"widget\" data-widget_type=\"spacer.default\">\n\t\t\t\t<div class=\"elementor-widget-container\">\n\t\t\t\t\t\t\t<div class=\"elementor-spacer\">\n\t\t\t<div class=\"elementor-spacer-inner\"><\/div>\n\t\t<\/div>\n\t\t\t\t\t\t<\/div>\n\t\t\t\t<\/div>\n\t\t\t\t<div class=\"elementor-element elementor-element-635fa7e4 animated-fast elementor-invisible elementor-widget elementor-widget-heading\" data-id=\"635fa7e4\" data-element_type=\"widget\" data-settings=\"{&quot;_animation&quot;:&quot;fadeInUp&quot;}\" data-widget_type=\"heading.default\">\n\t\t\t\t<div class=\"elementor-widget-container\">\n\t\t\t\t\t<h2 class=\"elementor-heading-title elementor-size-default\">Team<\/h2>\t\t\t\t<\/div>\n\t\t\t\t<\/div>\n\t\t\t\t<div class=\"elementor-element elementor-element-5e879b43 elementor-widget__width-inherit elementor-absolute elementor-widget elementor-widget-html\" data-id=\"5e879b43\" data-element_type=\"widget\" data-settings=\"{&quot;_position&quot;:&quot;absolute&quot;}\" data-widget_type=\"html.default\">\n\t\t\t\t<div class=\"elementor-widget-container\">\n\t\t\t\t\t\n<!--Waves Container-->\n<div>\n<svg class=\"waves\" xmlns=\"http:\/\/www.w3.org\/2000\/svg\" xmlns:xlink=\"http:\/\/www.w3.org\/1999\/xlink\"\nviewBox=\"0 24 150 28\" preserveAspectRatio=\"none\" shape-rendering=\"auto\">\n<defs>\n<path id=\"gentle-wave\" d=\"M-160 44c30 0 58-18 88-18s 58 18 88 18 58-18 88-18 58 18 88 18 v44h-352z\" \/>\n<\/defs>\n<g class=\"parallax\">\n\n<use xlink:href=\"#gentle-wave\" x=\"48\" y=\"7\" fill=\"#fff\" \/>\n<\/g>\n<\/svg>\n<\/div>\n<!--Waves end-->\n\t\t\t\t<\/div>\n\t\t\t\t<\/div>\n\t\t\t\t\t<\/div>\n\t\t\t\t<\/div>\n\t\t<div class=\"elementor-element elementor-element-2ce9e88 e-flex e-con-boxed elementor-invisible e-con e-parent\" data-id=\"2ce9e88\" data-element_type=\"container\" data-settings=\"{&quot;animation&quot;:&quot;fadeInUp&quot;}\">\n\t\t\t\t\t<div class=\"e-con-inner\">\n\t\t<div class=\"elementor-element elementor-element-eb91b5b e-con-full e-flex e-con e-child\" data-id=\"eb91b5b\" data-element_type=\"container\">\n\t\t\t\t<div class=\"elementor-element elementor-element-e9d16ac elementor-widget elementor-widget-image\" data-id=\"e9d16ac\" data-element_type=\"widget\" data-widget_type=\"image.default\">\n\t\t\t\t<div class=\"elementor-widget-container\">\n\t\t\t\t\t\t\t\t\t\t\t\t\t\t\t<img fetchpriority=\"high\" decoding=\"async\" width=\"1707\" height=\"2560\" src=\"https:\/\/quandtproperties.com\/wp-content\/uploads\/2025\/05\/KTE06397-scaled.jpg\" class=\"attachment-full size-full wp-image-5486\" alt=\"\" srcset=\"https:\/\/quandtproperties.com\/wp-content\/uploads\/2025\/05\/KTE06397-scaled.jpg 1707w, https:\/\/quandtproperties.com\/wp-content\/uploads\/2025\/05\/KTE06397-200x300.jpg 200w, https:\/\/quandtproperties.com\/wp-content\/uploads\/2025\/05\/KTE06397-683x1024.jpg 683w, https:\/\/quandtproperties.com\/wp-content\/uploads\/2025\/05\/KTE06397-768x1152.jpg 768w, https:\/\/quandtproperties.com\/wp-content\/uploads\/2025\/05\/KTE06397-1024x1536.jpg 1024w, https:\/\/quandtproperties.com\/wp-content\/uploads\/2025\/05\/KTE06397-1365x2048.jpg 1365w, https:\/\/quandtproperties.com\/wp-content\/uploads\/2025\/05\/KTE06397-600x900.jpg 600w\" sizes=\"(max-width: 1707px) 100vw, 1707px\" \/>\t\t\t\t\t\t\t\t\t\t\t\t\t\t\t<\/div>\n\t\t\t\t<\/div>\n\t\t\t\t<\/div>\n\t\t<div class=\"elementor-element elementor-element-2dcb6b0 e-con-full e-flex e-con e-child\" data-id=\"2dcb6b0\" data-element_type=\"container\">\n\t\t\t\t<div class=\"elementor-element elementor-element-647b24a elementor-widget elementor-widget-text-editor\" data-id=\"647b24a\" data-element_type=\"widget\" data-widget_type=\"text-editor.default\">\n\t\t\t\t<div class=\"elementor-widget-container\">\n\t\t\t\t\t\t\t\t\t<h2>Micha\u0142 Quandt<\/h2>\n<div><\/div>\nGr\u00fcnder von QUANDT PROPERTIES, einem Unternehmen, das er mit der Vision gegr\u00fcndet hat, den Immobilienmarkt in Polen neu zu definieren. Sein Leitmotiv IMMOBILIEN (NEU)GESTALTEN spiegelt sich in jedem Aspekt seines Handelns und der Firmenphilosophie wider. Er kn\u00fcpft schnell wertvolle, nachhaltige Beziehungen zu Gesch\u00e4ftspartnern und verfolgt mit gro\u00dfem Engagement h\u00f6chste Qualit\u00e4ts- und Transparenzstandards im Gesch\u00e4ftsleben. Privat ist er ein begeisterter Weltenbummler mit einer Leidenschaft f\u00fcr Kosmonautik und Spiritualit\u00e4t. Die Projekte, die er gemeinsam mit seinem Team umsetzt, sind h\u00e4ufig besonders herausfordernd. Doch dank seiner 11-j\u00e4hrigen Verkaufserfahrung schafft er es, diese nicht nur erfolgreich, sondern auch in bemerkenswert kurzer Zeit zum Abschluss zu bringen.\n\n<br><br>\n<i style=\"font-size:20px;margin-right:5px;\" class=\"fa\">&#xf095;<\/i>\n+48 538 538 309\n<br>\n<i style=\"font-size:16px;margin-right:5px;\" class=\"fa\">&#xf2b6;<\/i>\nmichal@quandtproperties.com\t\t\t\t\t\t\t\t<\/div>\n\t\t\t\t<\/div>\n\t\t\t\t<\/div>\n\t\t\t\t\t<\/div>\n\t\t\t\t<\/div>\n\t\t<div class=\"elementor-element elementor-element-68a2015 e-flex e-con-boxed elementor-invisible e-con e-parent\" data-id=\"68a2015\" data-element_type=\"container\" data-settings=\"{&quot;animation&quot;:&quot;fadeInUp&quot;}\">\n\t\t\t\t\t<div class=\"e-con-inner\">\n\t\t<div class=\"elementor-element elementor-element-6c5b2da e-con-full e-flex e-con e-child\" data-id=\"6c5b2da\" data-element_type=\"container\">\n\t\t\t\t<div class=\"elementor-element elementor-element-9cb75ba elementor-widget elementor-widget-image\" data-id=\"9cb75ba\" data-element_type=\"widget\" data-widget_type=\"image.default\">\n\t\t\t\t<div class=\"elementor-widget-container\">\n\t\t\t\t\t\t\t\t\t\t\t\t\t\t\t<img decoding=\"async\" width=\"1707\" height=\"2560\" src=\"https:\/\/quandtproperties.com\/wp-content\/uploads\/2025\/05\/JUSTYNA-WWW-scaled.jpg\" class=\"attachment-full size-full wp-image-5469\" alt=\"\" srcset=\"https:\/\/quandtproperties.com\/wp-content\/uploads\/2025\/05\/JUSTYNA-WWW-scaled.jpg 1707w, https:\/\/quandtproperties.com\/wp-content\/uploads\/2025\/05\/JUSTYNA-WWW-200x300.jpg 200w, https:\/\/quandtproperties.com\/wp-content\/uploads\/2025\/05\/JUSTYNA-WWW-683x1024.jpg 683w, https:\/\/quandtproperties.com\/wp-content\/uploads\/2025\/05\/JUSTYNA-WWW-768x1152.jpg 768w, https:\/\/quandtproperties.com\/wp-content\/uploads\/2025\/05\/JUSTYNA-WWW-1024x1536.jpg 1024w, https:\/\/quandtproperties.com\/wp-content\/uploads\/2025\/05\/JUSTYNA-WWW-1365x2048.jpg 1365w, https:\/\/quandtproperties.com\/wp-content\/uploads\/2025\/05\/JUSTYNA-WWW-600x900.jpg 600w\" sizes=\"(max-width: 1707px) 100vw, 1707px\" \/>\t\t\t\t\t\t\t\t\t\t\t\t\t\t\t<\/div>\n\t\t\t\t<\/div>\n\t\t\t\t<\/div>\n\t\t<div class=\"elementor-element elementor-element-edb4bc6 e-con-full e-flex e-con e-child\" data-id=\"edb4bc6\" data-element_type=\"container\">\n\t\t\t\t<div class=\"elementor-element elementor-element-2769e0b elementor-widget elementor-widget-text-editor\" data-id=\"2769e0b\" data-element_type=\"widget\" data-widget_type=\"text-editor.default\">\n\t\t\t\t<div class=\"elementor-widget-container\">\n\t\t\t\t\t\t\t\t\t<h2>Justyna Qunio<\/h2><h3>IMMOBILIENMAKLERIN<\/h3><div>\u00a0<\/div><p>Eine Spezialistin f\u00fcr besondere Aufgaben mit langj\u00e4hriger Verkaufserfahrung. Dank ihres exzellenten Verst\u00e4ndnisses des Marktes und der Kundenbed\u00fcrfnisse passt Lidia Angebote pr\u00e4zise an die individuellen Anforderungen an und sorgt f\u00fcr Zufriedenheit bei jeder Transaktion. Ihr Engagement, ihre Entschlossenheit und ihr umfassendes Branchenwissen machen sie zu einer vertrauensw\u00fcrdigen Beraterin, auf die man sich in jeder Situation verlassen kann. Ihre ausgefeilten Verhandlungstechniken helfen ihren Kunden dabei, die besten Konditionen zu erzielen. Privat ist sie eine hervorragend organisierte Mutter von drei Jungen, unverbesserliche Optimistin und Liebhaberin der analogen Fotografie.<\/p><p><span style=\"font-family: FontAwesome; font-size: 20px; font-style: normal;\">\uf095<\/span><span style=\"font-family: FontAwesome; font-size: 20px; font-style: normal;\">\u00a0<\/span>+48 605 322 441<br \/><span style=\"font-family: FontAwesome; font-size: 16px; font-style: normal;\">\uf2b6 \u00a0<\/span>justyna.qunio@quandtproperties.com<\/p>\t\t\t\t\t\t\t\t<\/div>\n\t\t\t\t<\/div>\n\t\t\t\t<\/div>\n\t\t\t\t\t<\/div>\n\t\t\t\t<\/div>\n\t\t<div class=\"elementor-element elementor-element-cb1b905 e-flex e-con-boxed elementor-invisible e-con e-parent\" data-id=\"cb1b905\" data-element_type=\"container\" data-settings=\"{&quot;animation&quot;:&quot;fadeInUp&quot;}\">\n\t\t\t\t\t<div class=\"e-con-inner\">\n\t\t<div class=\"elementor-element elementor-element-9d53789 e-con-full e-flex e-con e-child\" data-id=\"9d53789\" data-element_type=\"container\">\n\t\t\t\t<div class=\"elementor-element elementor-element-b8b87e7 elementor-widget elementor-widget-text-editor\" data-id=\"b8b87e7\" data-element_type=\"widget\" data-widget_type=\"text-editor.default\">\n\t\t\t\t<div class=\"elementor-widget-container\">\n\t\t\t\t\t\t\t\t\t<h2>Sara Lepianka<\/h2>\n<h3>IMMOBILIENMAKLERIN<\/h3>\n<h3><span style=\"font-size: 16px;\">&nbsp;<\/span><\/h3>\n<p>Sie verbindet m\u00fchelos einen analytischen Verstand mit einer k\u00fcnstlerischen Seele. Als studierte \u00d6konomin und Fachfrau f\u00fcr Finanzen und Rechnungswesen ist sie privat eine leidenschaftliche Liebhaberin von Innenarchitektur und bis ins Detail perfekter Gestaltung. Mit einem au\u00dfergew\u00f6hnlichen Sinn f\u00fcr \u00c4sthetik betrachtet sie Raumgestaltung nicht nur als Leidenschaft, sondern auch als Ausdrucksform. Sie arbeitet schnell, mit klarer Struktur und gro\u00dfem Engagement &#8211; denn sie liebt sichtbare Ergebnisse. Als Mutter von zwei Kindern sch\u00f6pft sie Energie und Motivation f\u00fcr ihre pers\u00f6nliche Weiterentwicklung. Im Alltag achtet sie auf Ausgleich &#8211;&nbsp; sie liebt Tanz, Kunst und einen gesunden Lebensstil und vereint dabei W\u00e4rme, Dynamik und Pr\u00e4zision.<\/p>\n<p><i class=\"fa\" style=\"font-size: 20px; margin-right: 5px;\">\uf095<\/i>+48 698 633 623<\/p>\n<p><i class=\"fa\" style=\"font-size: 16px; margin-right: 5px;\">\uf2b6<\/i>sara.lepianka@quandtproperties.com<\/p>\t\t\t\t\t\t\t\t<\/div>\n\t\t\t\t<\/div>\n\t\t\t\t<\/div>\n\t\t<div class=\"elementor-element elementor-element-cf918d7 e-con-full e-flex e-con e-child\" data-id=\"cf918d7\" data-element_type=\"container\">\n\t\t\t\t<div class=\"elementor-element elementor-element-1a656e3 elementor-widget elementor-widget-image\" data-id=\"1a656e3\" data-element_type=\"widget\" data-widget_type=\"image.default\">\n\t\t\t\t<div class=\"elementor-widget-container\">\n\t\t\t\t\t\t\t\t\t\t\t\t\t\t\t<img decoding=\"async\" width=\"1707\" height=\"2560\" src=\"https:\/\/quandtproperties.com\/wp-content\/uploads\/2025\/09\/KTE09118-scaled.jpg\" class=\"attachment-full size-full wp-image-5507\" alt=\"\" srcset=\"https:\/\/quandtproperties.com\/wp-content\/uploads\/2025\/09\/KTE09118-scaled.jpg 1707w, https:\/\/quandtproperties.com\/wp-content\/uploads\/2025\/09\/KTE09118-200x300.jpg 200w, https:\/\/quandtproperties.com\/wp-content\/uploads\/2025\/09\/KTE09118-683x1024.jpg 683w, https:\/\/quandtproperties.com\/wp-content\/uploads\/2025\/09\/KTE09118-768x1152.jpg 768w, https:\/\/quandtproperties.com\/wp-content\/uploads\/2025\/09\/KTE09118-1024x1536.jpg 1024w, https:\/\/quandtproperties.com\/wp-content\/uploads\/2025\/09\/KTE09118-1365x2048.jpg 1365w, https:\/\/quandtproperties.com\/wp-content\/uploads\/2025\/09\/KTE09118-600x900.jpg 600w\" sizes=\"(max-width: 1707px) 100vw, 1707px\" \/>\t\t\t\t\t\t\t\t\t\t\t\t\t\t\t<\/div>\n\t\t\t\t<\/div>\n\t\t\t\t<\/div>\n\t\t\t\t\t<\/div>\n\t\t\t\t<\/div>\n\t\t<div class=\"elementor-element elementor-element-51de513 e-flex e-con-boxed e-con e-parent\" data-id=\"51de513\" data-element_type=\"container\">\n\t\t\t\t\t<div class=\"e-con-inner\">\n\t\t<div class=\"elementor-element elementor-element-7ded0d2 e-con-full e-flex e-con e-child\" data-id=\"7ded0d2\" data-element_type=\"container\">\n\t\t\t\t<div class=\"elementor-element elementor-element-a0a9009 elementor-widget elementor-widget-heading\" data-id=\"a0a9009\" data-element_type=\"widget\" data-widget_type=\"heading.default\">\n\t\t\t\t<div class=\"elementor-widget-container\">\n\t\t\t\t\t<h2 class=\"elementor-heading-title elementor-size-default\">Vielleicht m\u00f6chten Sie sich uns anschlie\u00dfen?<\/h2>\t\t\t\t<\/div>\n\t\t\t\t<\/div>\n\t\t\t\t<div class=\"elementor-element elementor-element-d31b5c6 elementor-widget elementor-widget-text-editor\" data-id=\"d31b5c6\" data-element_type=\"widget\" data-widget_type=\"text-editor.default\">\n\t\t\t\t<div class=\"elementor-widget-container\">\n\t\t\t\t\t\t\t\t\tBitte senden Sie uns Ihren Lebenslauf. Wir werden Sie kontaktieren.\t\t\t\t\t\t\t\t<\/div>\n\t\t\t\t<\/div>\n\t\t\t\t<div class=\"elementor-element elementor-element-78a0e36 animated-fast elementor-align-center elementor-invisible elementor-widget elementor-widget-button\" data-id=\"78a0e36\" data-element_type=\"widget\" data-settings=\"{&quot;_animation&quot;:&quot;fadeInUp&quot;}\" data-widget_type=\"button.default\">\n\t\t\t\t<div class=\"elementor-widget-container\">\n\t\t\t\t\t\t\t\t\t<div class=\"elementor-button-wrapper\">\n\t\t\t\t\t<a class=\"elementor-button elementor-button-link elementor-size-sm elementor-animation-grow\" href=\"https:\/\/quandtproperties.com\/index.php\/de\/kontakt-3\/\">\n\t\t\t\t\t\t<span class=\"elementor-button-content-wrapper\">\n\t\t\t\t\t\t<span class=\"elementor-button-icon\">\n\t\t\t\t<svg xmlns=\"http:\/\/www.w3.org\/2000\/svg\" viewBox=\"0 0 44 45\" width=\"44\" height=\"45\"><style>.a{fill:#fff;stroke:#fff;stroke-miterlimit:10;stroke-width:3}<\/style><path class=\"a\" d=\"m3.6 2v2.9h33.2l-34.8 35 2.5 2.2 34.9-34.8v33.4h2.9v-38.7z\"><\/path><\/svg>\t\t\t<\/span>\n\t\t\t\t\t\t\t\t\t<span class=\"elementor-button-text\">Kontaktieren Sie uns<\/span>\n\t\t\t\t\t<\/span>\n\t\t\t\t\t<\/a>\n\t\t\t\t<\/div>\n\t\t\t\t\t\t\t\t<\/div>\n\t\t\t\t<\/div>\n\t\t\t\t<\/div>\n\t\t\t\t<div class=\"elementor-element elementor-element-a7e02dd elementor-widget__width-inherit elementor-absolute elementor-widget elementor-widget-html\" data-id=\"a7e02dd\" data-element_type=\"widget\" data-settings=\"{&quot;_position&quot;:&quot;absolute&quot;}\" data-widget_type=\"html.default\">\n\t\t\t\t<div class=\"elementor-widget-container\">\n\t\t\t\t\t\n<!--Waves Container-->\n<div>\n<link rel=\"stylesheet\" href=\"https:\/\/cdnjs.cloudflare.com\/ajax\/libs\/font-awesome\/4.7.0\/css\/font-awesome.min.css\">\n<\/div>\n<!--Waves end-->\n\t\t\t\t<\/div>\n\t\t\t\t<\/div>\n\t\t\t\t\t<\/div>\n\t\t\t\t<\/div>\n\t\t\t\t<\/div>\n\t\t","protected":false},"excerpt":{"rendered":"<p>Team Micha\u0142 Quandt Gr\u00fcnder von QUANDT PROPERTIES, einem Unternehmen, das er mit der Vision gegr\u00fcndet hat, den Immobilienmarkt&#8230;<\/p>\n","protected":false},"author":1,"featured_media":0,"parent":0,"menu_order":0,"comment_status":"closed","ping_status":"closed","template":"elementor_header_footer","meta":{"inline_featured_image":false,"footnotes":""},"class_list":["post-5184","page","type-page","status-publish","hentry"],"_links":{"self":[{"href":"https:\/\/quandtproperties.com\/index.php\/wp-json\/wp\/v2\/pages\/5184","targetHints":{"allow":["GET"]}}],"collection":[{"href":"https:\/\/quandtproperties.com\/index.php\/wp-json\/wp\/v2\/pages"}],"about":[{"href":"https:\/\/quandtproperties.com\/index.php\/wp-json\/wp\/v2\/types\/page"}],"author":[{"embeddable":true,"href":"https:\/\/quandtproperties.com\/index.php\/wp-json\/wp\/v2\/users\/1"}],"replies":[{"embeddable":true,"href":"https:\/\/quandtproperties.com\/index.php\/wp-json\/wp\/v2\/comments?post=5184"}],"version-history":[{"count":28,"href":"https:\/\/quandtproperties.com\/index.php\/wp-json\/wp\/v2\/pages\/5184\/revisions"}],"predecessor-version":[{"id":5548,"href":"https:\/\/quandtproperties.com\/index.php\/wp-json\/wp\/v2\/pages\/5184\/revisions\/5548"}],"wp:attachment":[{"href":"https:\/\/quandtproperties.com\/index.php\/wp-json\/wp\/v2\/media?parent=5184"}],"curies":[{"name":"wp","href":"https:\/\/api.w.org\/{rel}","templated":true}]}}