{"id":5170,"date":"2024-10-22T20:27:42","date_gmt":"2024-10-22T18:27:42","guid":{"rendered":"http:\/\/quandtproperties.com\/?page_id=5170"},"modified":"2024-11-15T13:25:56","modified_gmt":"2024-11-15T12:25:56","slug":"sie-vertrauen-uns","status":"publish","type":"page","link":"https:\/\/quandtproperties.com\/index.php\/de\/sie-vertrauen-uns\/","title":{"rendered":"Sie vertrauen uns"},"content":{"rendered":"\t\t<div data-elementor-type=\"wp-page\" data-elementor-id=\"5170\" class=\"elementor elementor-5170\" data-elementor-post-type=\"page\">\n\t\t\t\t<div class=\"elementor-element elementor-element-3171c42b e-flex e-con-boxed e-con e-parent\" data-id=\"3171c42b\" data-element_type=\"container\" data-settings=\"{&quot;background_background&quot;:&quot;classic&quot;,&quot;background_motion_fx_motion_fx_scrolling&quot;:&quot;yes&quot;,&quot;background_motion_fx_scale_effect&quot;:&quot;yes&quot;,&quot;background_motion_fx_scale_speed&quot;:{&quot;unit&quot;:&quot;px&quot;,&quot;size&quot;:5,&quot;sizes&quot;:[]},&quot;background_motion_fx_scale_direction&quot;:&quot;out-in&quot;,&quot;background_motion_fx_scale_range&quot;:{&quot;unit&quot;:&quot;%&quot;,&quot;size&quot;:&quot;&quot;,&quot;sizes&quot;:{&quot;start&quot;:20,&quot;end&quot;:80}},&quot;background_motion_fx_devices&quot;:[&quot;desktop&quot;,&quot;tablet&quot;,&quot;mobile&quot;]}\">\n\t\t\t\t\t<div class=\"e-con-inner\">\n\t\t\t\t<div class=\"elementor-element elementor-element-266f2eaf elementor-widget elementor-widget-spacer\" data-id=\"266f2eaf\" data-element_type=\"widget\" data-widget_type=\"spacer.default\">\n\t\t\t\t<div class=\"elementor-widget-container\">\n\t\t\t\t\t\t\t<div class=\"elementor-spacer\">\n\t\t\t<div class=\"elementor-spacer-inner\"><\/div>\n\t\t<\/div>\n\t\t\t\t\t\t<\/div>\n\t\t\t\t<\/div>\n\t\t\t\t<div class=\"elementor-element elementor-element-37020068 animated-fast elementor-invisible elementor-widget elementor-widget-heading\" data-id=\"37020068\" data-element_type=\"widget\" data-settings=\"{&quot;_animation&quot;:&quot;fadeInUp&quot;}\" data-widget_type=\"heading.default\">\n\t\t\t\t<div class=\"elementor-widget-container\">\n\t\t\t\t\t<h6 class=\"elementor-heading-title elementor-size-default\"><span>Sie vertrauen<\/span><br> uns<\/h6>\t\t\t\t<\/div>\n\t\t\t\t<\/div>\n\t\t\t\t<div class=\"elementor-element elementor-element-6ef65150 elementor-widget__width-inherit elementor-absolute elementor-widget elementor-widget-html\" data-id=\"6ef65150\" data-element_type=\"widget\" data-settings=\"{&quot;_position&quot;:&quot;absolute&quot;}\" data-widget_type=\"html.default\">\n\t\t\t\t<div class=\"elementor-widget-container\">\n\t\t\t\t\t\n<!--Waves Container-->\n<div>\n<svg class=\"waves\" xmlns=\"http:\/\/www.w3.org\/2000\/svg\" xmlns:xlink=\"http:\/\/www.w3.org\/1999\/xlink\"\nviewBox=\"0 24 150 28\" preserveAspectRatio=\"none\" shape-rendering=\"auto\">\n<defs>\n<path id=\"gentle-wave\" d=\"M-160 44c30 0 58-18 88-18s 58 18 88 18 58-18 88-18 58 18 88 18 v44h-352z\" \/>\n<\/defs>\n<g class=\"parallax\">\n\n<use xlink:href=\"#gentle-wave\" x=\"48\" y=\"7\" fill=\"#fff\" \/>\n<\/g>\n<\/svg>\n<\/div>\n<!--Waves end-->\n\t\t\t\t<\/div>\n\t\t\t\t<\/div>\n\t\t\t\t\t<\/div>\n\t\t\t\t<\/div>\n\t\t<div class=\"elementor-element elementor-element-3b24833 e-flex e-con-boxed e-con e-parent\" data-id=\"3b24833\" data-element_type=\"container\">\n\t\t\t\t\t<div class=\"e-con-inner\">\n\t\t\t\t<div class=\"elementor-element elementor-element-9064fed elementor-widget elementor-widget-spacer\" data-id=\"9064fed\" data-element_type=\"widget\" data-widget_type=\"spacer.default\">\n\t\t\t\t<div class=\"elementor-widget-container\">\n\t\t\t\t\t\t\t<div class=\"elementor-spacer\">\n\t\t\t<div class=\"elementor-spacer-inner\"><\/div>\n\t\t<\/div>\n\t\t\t\t\t\t<\/div>\n\t\t\t\t<\/div>\n\t\t\t\t\t<\/div>\n\t\t\t\t<\/div>\n\t\t<div class=\"elementor-element elementor-element-fb07312 e-flex e-con-boxed elementor-invisible e-con e-parent\" data-id=\"fb07312\" data-element_type=\"container\" data-settings=\"{&quot;animation&quot;:&quot;fadeInUp&quot;}\">\n\t\t\t\t\t<div class=\"e-con-inner\">\n\t\t<div class=\"elementor-element elementor-element-b377596 e-flex e-con-boxed elementor-invisible e-con e-child\" data-id=\"b377596\" data-element_type=\"container\" data-settings=\"{&quot;background_background&quot;:&quot;classic&quot;,&quot;animation&quot;:&quot;fadeInUp&quot;,&quot;motion_fx_motion_fx_scrolling&quot;:&quot;yes&quot;,&quot;motion_fx_devices&quot;:[&quot;desktop&quot;,&quot;tablet&quot;,&quot;mobile&quot;]}\">\n\t\t\t\t\t<div class=\"e-con-inner\">\n\t\t\t\t<div class=\"elementor-element elementor-element-efa42ba elementor-absolute elementor-widget elementor-widget-image\" data-id=\"efa42ba\" data-element_type=\"widget\" data-settings=\"{&quot;_position&quot;:&quot;absolute&quot;}\" data-widget_type=\"image.default\">\n\t\t\t\t<div class=\"elementor-widget-container\">\n\t\t\t\t\t\t\t\t\t\t\t\t\t\t\t<img fetchpriority=\"high\" decoding=\"async\" width=\"786\" height=\"768\" src=\"https:\/\/quandtproperties.com\/wp-content\/uploads\/2024\/10\/20.svg\" class=\"attachment-full size-full wp-image-4593\" alt=\"\" \/>\t\t\t\t\t\t\t\t\t\t\t\t\t\t\t<\/div>\n\t\t\t\t<\/div>\n\t\t\t\t<div class=\"elementor-element elementor-element-751e42a elementor-widget elementor-widget-heading\" data-id=\"751e42a\" data-element_type=\"widget\" data-widget_type=\"heading.default\">\n\t\t\t\t<div class=\"elementor-widget-container\">\n\t\t\t\t\t<p class=\"elementor-heading-title elementor-size-default\"><h2 style=\"color:white;\">Bei Quandt Properties bilden Beziehungen das Fundament jeder erfolgreichen Zusammenarbeit. <\/h2><br><p style=\"color:white;\">Das Feedback unserer Kunden ist der beste Beweis daf\u00fcr, dass unsere Vision, moderne L\u00f6sungen mit einem individuellen Ansatz zu vereinen, erfolgreich ist. Im Folgenden finden Sie einige Worte von denjenigen, die uns ihr Vertrauen geschenkt haben \u2013 sie sind es, die uns antreiben und uns inspirieren, unsere Standards st\u00e4ndig zu erh\u00f6hen.<\/p><\/p>\t\t\t\t<\/div>\n\t\t\t\t<\/div>\n\t\t\t\t<div class=\"elementor-element elementor-element-a94d4c2 elementor-shape-rounded elementor-grid-0 e-grid-align-center elementor-widget elementor-widget-social-icons\" data-id=\"a94d4c2\" data-element_type=\"widget\" data-widget_type=\"social-icons.default\">\n\t\t\t\t<div class=\"elementor-widget-container\">\n\t\t\t\t\t\t\t<div class=\"elementor-social-icons-wrapper elementor-grid\" role=\"list\">\n\t\t\t\t\t\t\t<span class=\"elementor-grid-item\" role=\"listitem\">\n\t\t\t\t\t<a class=\"elementor-icon elementor-social-icon elementor-social-icon-instagram elementor-repeater-item-ccaf6f0\" href=\"https:\/\/www.instagram.com\/quandtproperties\/\" target=\"_blank\">\n\t\t\t\t\t\t<span class=\"elementor-screen-only\">Instagram<\/span>\n\t\t\t\t\t\t<svg class=\"e-font-icon-svg e-fab-instagram\" viewBox=\"0 0 448 512\" xmlns=\"http:\/\/www.w3.org\/2000\/svg\"><path d=\"M224.1 141c-63.6 0-114.9 51.3-114.9 114.9s51.3 114.9 114.9 114.9S339 319.5 339 255.9 287.7 141 224.1 141zm0 189.6c-41.1 0-74.7-33.5-74.7-74.7s33.5-74.7 74.7-74.7 74.7 33.5 74.7 74.7-33.6 74.7-74.7 74.7zm146.4-194.3c0 14.9-12 26.8-26.8 26.8-14.9 0-26.8-12-26.8-26.8s12-26.8 26.8-26.8 26.8 12 26.8 26.8zm76.1 27.2c-1.7-35.9-9.9-67.7-36.2-93.9-26.2-26.2-58-34.4-93.9-36.2-37-2.1-147.9-2.1-184.9 0-35.8 1.7-67.6 9.9-93.9 36.1s-34.4 58-36.2 93.9c-2.1 37-2.1 147.9 0 184.9 1.7 35.9 9.9 67.7 36.2 93.9s58 34.4 93.9 36.2c37 2.1 147.9 2.1 184.9 0 35.9-1.7 67.7-9.9 93.9-36.2 26.2-26.2 34.4-58 36.2-93.9 2.1-37 2.1-147.8 0-184.8zM398.8 388c-7.8 19.6-22.9 34.7-42.6 42.6-29.5 11.7-99.5 9-132.1 9s-102.7 2.6-132.1-9c-19.6-7.8-34.7-22.9-42.6-42.6-11.7-29.5-9-99.5-9-132.1s-2.6-102.7 9-132.1c7.8-19.6 22.9-34.7 42.6-42.6 29.5-11.7 99.5-9 132.1-9s102.7-2.6 132.1 9c19.6 7.8 34.7 22.9 42.6 42.6 11.7 29.5 9 99.5 9 132.1s2.7 102.7-9 132.1z\"><\/path><\/svg>\t\t\t\t\t<\/a>\n\t\t\t\t<\/span>\n\t\t\t\t\t\t\t<span class=\"elementor-grid-item\" role=\"listitem\">\n\t\t\t\t\t<a class=\"elementor-icon elementor-social-icon elementor-social-icon-facebook elementor-repeater-item-6b10077\" href=\"https:\/\/www.facebook.com\/profile.php?id=61566570789323\" target=\"_blank\">\n\t\t\t\t\t\t<span class=\"elementor-screen-only\">Facebook<\/span>\n\t\t\t\t\t\t<svg class=\"e-font-icon-svg e-fab-facebook\" viewBox=\"0 0 512 512\" xmlns=\"http:\/\/www.w3.org\/2000\/svg\"><path d=\"M504 256C504 119 393 8 256 8S8 119 8 256c0 123.78 90.69 226.38 209.25 245V327.69h-63V256h63v-54.64c0-62.15 37-96.48 93.67-96.48 27.14 0 55.52 4.84 55.52 4.84v61h-31.28c-30.8 0-40.41 19.12-40.41 38.73V256h68.78l-11 71.69h-57.78V501C413.31 482.38 504 379.78 504 256z\"><\/path><\/svg>\t\t\t\t\t<\/a>\n\t\t\t\t<\/span>\n\t\t\t\t\t<\/div>\n\t\t\t\t\t\t<\/div>\n\t\t\t\t<\/div>\n\t\t\t\t\t<\/div>\n\t\t\t\t<\/div>\n\t\t\t\t\t<\/div>\n\t\t\t\t<\/div>\n\t\t<div class=\"elementor-element elementor-element-20322f4 e-flex e-con-boxed elementor-invisible e-con e-parent\" data-id=\"20322f4\" data-element_type=\"container\" data-settings=\"{&quot;animation&quot;:&quot;fadeInUp&quot;}\">\n\t\t\t\t\t<div class=\"e-con-inner\">\n\t\t<div class=\"elementor-element elementor-element-22a72ae e-flex e-con-boxed elementor-invisible e-con e-child\" data-id=\"22a72ae\" data-element_type=\"container\" data-settings=\"{&quot;animation&quot;:&quot;fadeInUp&quot;}\">\n\t\t\t\t\t<div class=\"e-con-inner\">\n\t\t\t\t<div class=\"elementor-element elementor-element-4ff96a6 elementor-widget elementor-widget-text-editor\" data-id=\"4ff96a6\" data-element_type=\"widget\" data-widget_type=\"text-editor.default\">\n\t\t\t\t<div class=\"elementor-widget-container\">\n\t\t\t\t\t\t\t\t\t<h2>\u00a0<\/h2><h2>Maria Rotkiel &#8211; Psychologin<\/h2><p><i>Die Zusammenarbeit mit Quandt Properties hat ein neues Kapitel in meinem Leben aufgeschlagen, und das alles geschah unter der aufmerksamen, professionellen und h\u00f6chst vertrauensw\u00fcrdigen Betreuung. Ich empfehle diese Zusammenarbeit von ganzem Herzen.<\/i><\/p><p><i>\u00a0<\/i><\/p><h2>Beata Rosiak &#8211; Filmset-Technikerin<\/h2><p><em>Bei einem solchen Engagement seitens des Maklers konnte unsere Transaktion nur erfolgreich verlaufen. Daf\u00fcr bedanke ich mich sehr und empfehle die Zusammenarbeit w\u00e4rmstens weiter.<\/em><\/p><p><em>\u00a0<\/em><\/p><h2>Grzegorz Bikowski &#8211; Unternehmer<\/h2><p><em>Die Entscheidung, Quandt Properties mit der Betreuung der Immobilien unserer Kunden zu beauftragen, war ein Volltreffer. Genau diese Art von Zusammenarbeit, Zuverl\u00e4ssigkeit und Engagement habe ich von einer Immobilienagentur erwartet.<\/em><\/p><p><em>\u00a0<\/em><\/p><h2>Natalia Porozi\u0144ska &#8211; Kosmetologin<\/h2><p><em>Die gesamte Vorbereitung der Immobilie zum Verkauf war absolut professionell. Hilfe bei rechtlichen und erbschaftsrechtlichen Fragen? Diese Angelegenheiten wurden schneller geregelt, als ich erwartet hatte. Ich empfehle und werde weiterhin empfehlen \ud83d\ude42 <\/em><\/p><p><em>\u00a0<\/em><\/p><h2>Maria Bertrandt &#8211; Floristin<\/h2><p><em>Wenn Sie den Verkauf oder Kauf einer Immobilie in Erw\u00e4gung ziehen, gibt es nur eine Wahl: Quandt Properties. Herr Micha\u0142 Quandt zeichnet sich durch Intelligenz, Taktgef\u00fchl, Zuverl\u00e4ssigkeit und h\u00f6chste Effizienz aus. Er verf\u00fcgt \u00fcber einen weiten Horizont, strahlt positive Energie aus und \u00fcberzeugt mit seinem feinen Sinn f\u00fcr Humor. Jede Unterhaltung mit ihm ist ein wahres Vergn\u00fcgen. Er h\u00f6rt aufmerksam zu, analysiert sorgf\u00e4ltig und verbindet gekonnt die richtigen Parteien einer Transaktion. Herr Quandt ist weit mehr als nur ein Makler \u2013 er ist ein wohlwollender Wegbegleiter, ein aufmerksamer Beobachter mit einem untr\u00fcglichen Gesp\u00fcr und einem aufrichtigen Willen, die optimale L\u00f6sung zu finden. Und genau das hat er getan. Vielen Dank, Herr Quandt!<\/em><\/p><p><em>\u00a0<\/em><\/p><h2>Marlena Szczepa\u0144ska &#8211; Immobilienmaklerin<\/h2><p><em>ch habe mit vielen Agenturen zusammengearbeitet, mal besser, mal schlechter, aber die partnerschaftlichen Prinzipien und der Kundenservice bei Quandt Properties sind auf einem so hohen Niveau, dass man es woanders kaum findet. Ich kann die Zusammenarbeit uneingeschr\u00e4nkt empfehlen.<\/em><\/p><p><em>\u00a0<\/em><\/p><h2>Karolina Raczkowska -Hebamme<\/h2><p><i>Als ich die Zusammenarbeit mit Quandt Properties begann, hatte ich eine eher skeptische Haltung gegen\u00fcber Immobilienagenturen. Positiv \u00fcberrascht hat mich jedoch die Zuverl\u00e4ssigkeit und die freundschaftliche Atmosph\u00e4re w\u00e4hrend der gesamten Zusammenarbeit. Heute kann ich mir nicht vorstellen, meine Wohnung ohne ihre Hilfe zu verkaufen. Alles verlief schnell, effektiv und professionell. Ich kann diese Agentur w\u00e4rmstens empfehlen.<\/i><\/p>\t\t\t\t\t\t\t\t<\/div>\n\t\t\t\t<\/div>\n\t\t\t\t\t<\/div>\n\t\t\t\t<\/div>\n\t\t\t\t\t<\/div>\n\t\t\t\t<\/div>\n\t\t<div class=\"elementor-element elementor-element-6b309b4 e-flex e-con-boxed elementor-invisible e-con e-parent\" data-id=\"6b309b4\" data-element_type=\"container\" data-settings=\"{&quot;animation&quot;:&quot;fadeInUp&quot;}\">\n\t\t\t\t\t<div class=\"e-con-inner\">\n\t\t\t\t<div class=\"elementor-element elementor-element-edb736d elementor-widget elementor-widget-heading\" data-id=\"edb736d\" data-element_type=\"widget\" data-widget_type=\"heading.default\">\n\t\t\t\t<div class=\"elementor-widget-container\">\n\t\t\t\t\t<h2 class=\"elementor-heading-title elementor-size-default\">Partner<\/h2>\t\t\t\t<\/div>\n\t\t\t\t<\/div>\n\t\t\t\t<div class=\"elementor-element elementor-element-a62b019 elementor-widget elementor-widget-image\" data-id=\"a62b019\" data-element_type=\"widget\" data-widget_type=\"image.default\">\n\t\t\t\t<div class=\"elementor-widget-container\">\n\t\t\t\t\t\t\t\t\t\t\t\t\t\t\t<img decoding=\"async\" width=\"1024\" height=\"1024\" src=\"https:\/\/quandtproperties.com\/wp-content\/uploads\/2024\/11\/partnerzy.svg\" class=\"attachment-large size-large wp-image-5346\" alt=\"\" \/>\t\t\t\t\t\t\t\t\t\t\t\t\t\t\t<\/div>\n\t\t\t\t<\/div>\n\t\t\t\t\t<\/div>\n\t\t\t\t<\/div>\n\t\t\t\t<\/div>\n\t\t","protected":false},"excerpt":{"rendered":"<p>Sie vertrauen uns Bei Quandt Properties bilden Beziehungen das Fundament jeder erfolgreichen Zusammenarbeit. Das Feedback unserer Kunden ist&#8230;<\/p>\n","protected":false},"author":1,"featured_media":0,"parent":0,"menu_order":0,"comment_status":"closed","ping_status":"closed","template":"elementor_header_footer","meta":{"inline_featured_image":false,"footnotes":""},"class_list":["post-5170","page","type-page","status-publish","hentry"],"_links":{"self":[{"href":"https:\/\/quandtproperties.com\/index.php\/wp-json\/wp\/v2\/pages\/5170","targetHints":{"allow":["GET"]}}],"collection":[{"href":"https:\/\/quandtproperties.com\/index.php\/wp-json\/wp\/v2\/pages"}],"about":[{"href":"https:\/\/quandtproperties.com\/index.php\/wp-json\/wp\/v2\/types\/page"}],"author":[{"embeddable":true,"href":"https:\/\/quandtproperties.com\/index.php\/wp-json\/wp\/v2\/users\/1"}],"replies":[{"embeddable":true,"href":"https:\/\/quandtproperties.com\/index.php\/wp-json\/wp\/v2\/comments?post=5170"}],"version-history":[{"count":16,"href":"https:\/\/quandtproperties.com\/index.php\/wp-json\/wp\/v2\/pages\/5170\/revisions"}],"predecessor-version":[{"id":5355,"href":"https:\/\/quandtproperties.com\/index.php\/wp-json\/wp\/v2\/pages\/5170\/revisions\/5355"}],"wp:attachment":[{"href":"https:\/\/quandtproperties.com\/index.php\/wp-json\/wp\/v2\/media?parent=5170"}],"curies":[{"name":"wp","href":"https:\/\/api.w.org\/{rel}","templated":true}]}}