{"id":3449,"date":"2024-08-12T09:48:11","date_gmt":"2024-08-12T07:48:11","guid":{"rendered":"http:\/\/serwer2469270.home.pl\/autoinstalator\/wordpress1\/?page_id=3449"},"modified":"2025-05-23T13:15:01","modified_gmt":"2025-05-23T11:15:01","slug":"zaufali-nam","status":"publish","type":"page","link":"https:\/\/quandtproperties.com\/index.php\/zaufali-nam\/","title":{"rendered":"Zaufali nam"},"content":{"rendered":"\t\t<div data-elementor-type=\"wp-page\" data-elementor-id=\"3449\" class=\"elementor elementor-3449\" data-elementor-post-type=\"page\">\n\t\t\t\t<div class=\"elementor-element elementor-element-3171c42b e-flex e-con-boxed e-con e-parent\" data-id=\"3171c42b\" data-element_type=\"container\" data-settings=\"{&quot;background_background&quot;:&quot;classic&quot;,&quot;background_motion_fx_motion_fx_scrolling&quot;:&quot;yes&quot;,&quot;background_motion_fx_scale_effect&quot;:&quot;yes&quot;,&quot;background_motion_fx_scale_speed&quot;:{&quot;unit&quot;:&quot;px&quot;,&quot;size&quot;:5,&quot;sizes&quot;:[]},&quot;background_motion_fx_scale_direction&quot;:&quot;out-in&quot;,&quot;background_motion_fx_scale_range&quot;:{&quot;unit&quot;:&quot;%&quot;,&quot;size&quot;:&quot;&quot;,&quot;sizes&quot;:{&quot;start&quot;:20,&quot;end&quot;:80}},&quot;background_motion_fx_devices&quot;:[&quot;desktop&quot;,&quot;tablet&quot;,&quot;mobile&quot;]}\">\n\t\t\t\t\t<div class=\"e-con-inner\">\n\t\t\t\t<div class=\"elementor-element elementor-element-266f2eaf elementor-widget elementor-widget-spacer\" data-id=\"266f2eaf\" data-element_type=\"widget\" data-widget_type=\"spacer.default\">\n\t\t\t\t<div class=\"elementor-widget-container\">\n\t\t\t\t\t\t\t<div class=\"elementor-spacer\">\n\t\t\t<div class=\"elementor-spacer-inner\"><\/div>\n\t\t<\/div>\n\t\t\t\t\t\t<\/div>\n\t\t\t\t<\/div>\n\t\t\t\t<div class=\"elementor-element elementor-element-37020068 animated-fast elementor-invisible elementor-widget elementor-widget-heading\" data-id=\"37020068\" data-element_type=\"widget\" data-settings=\"{&quot;_animation&quot;:&quot;fadeInUp&quot;}\" data-widget_type=\"heading.default\">\n\t\t\t\t<div class=\"elementor-widget-container\">\n\t\t\t\t\t<h6 class=\"elementor-heading-title elementor-size-default\"><span>Zaufali<\/span> nam<\/h6>\t\t\t\t<\/div>\n\t\t\t\t<\/div>\n\t\t\t\t<div class=\"elementor-element elementor-element-6ef65150 elementor-widget__width-inherit elementor-absolute elementor-widget elementor-widget-html\" data-id=\"6ef65150\" data-element_type=\"widget\" data-settings=\"{&quot;_position&quot;:&quot;absolute&quot;}\" data-widget_type=\"html.default\">\n\t\t\t\t<div class=\"elementor-widget-container\">\n\t\t\t\t\t\n<!--Waves Container-->\n<div>\n<svg class=\"waves\" xmlns=\"http:\/\/www.w3.org\/2000\/svg\" xmlns:xlink=\"http:\/\/www.w3.org\/1999\/xlink\"\nviewBox=\"0 24 150 28\" preserveAspectRatio=\"none\" shape-rendering=\"auto\">\n<defs>\n<path id=\"gentle-wave\" d=\"M-160 44c30 0 58-18 88-18s 58 18 88 18 58-18 88-18 58 18 88 18 v44h-352z\" \/>\n<\/defs>\n<g class=\"parallax\">\n\n<use xlink:href=\"#gentle-wave\" x=\"48\" y=\"7\" fill=\"#fff\" \/>\n<\/g>\n<\/svg>\n<\/div>\n<!--Waves end-->\n\t\t\t\t<\/div>\n\t\t\t\t<\/div>\n\t\t\t\t\t<\/div>\n\t\t\t\t<\/div>\n\t\t<div class=\"elementor-element elementor-element-3b24833 e-flex e-con-boxed e-con e-parent\" data-id=\"3b24833\" data-element_type=\"container\">\n\t\t\t\t\t<div class=\"e-con-inner\">\n\t\t\t\t<div class=\"elementor-element elementor-element-9064fed elementor-widget elementor-widget-spacer\" data-id=\"9064fed\" data-element_type=\"widget\" data-widget_type=\"spacer.default\">\n\t\t\t\t<div class=\"elementor-widget-container\">\n\t\t\t\t\t\t\t<div class=\"elementor-spacer\">\n\t\t\t<div class=\"elementor-spacer-inner\"><\/div>\n\t\t<\/div>\n\t\t\t\t\t\t<\/div>\n\t\t\t\t<\/div>\n\t\t\t\t\t<\/div>\n\t\t\t\t<\/div>\n\t\t<div class=\"elementor-element elementor-element-fb07312 e-flex e-con-boxed elementor-invisible e-con e-parent\" data-id=\"fb07312\" data-element_type=\"container\" data-settings=\"{&quot;animation&quot;:&quot;fadeInUp&quot;}\">\n\t\t\t\t\t<div class=\"e-con-inner\">\n\t\t<div class=\"elementor-element elementor-element-b377596 e-flex e-con-boxed elementor-invisible e-con e-child\" data-id=\"b377596\" data-element_type=\"container\" data-settings=\"{&quot;background_background&quot;:&quot;classic&quot;,&quot;animation&quot;:&quot;fadeInUp&quot;,&quot;motion_fx_motion_fx_scrolling&quot;:&quot;yes&quot;,&quot;motion_fx_devices&quot;:[&quot;desktop&quot;,&quot;tablet&quot;,&quot;mobile&quot;]}\">\n\t\t\t\t\t<div class=\"e-con-inner\">\n\t\t\t\t<div class=\"elementor-element elementor-element-efa42ba elementor-absolute elementor-widget elementor-widget-image\" data-id=\"efa42ba\" data-element_type=\"widget\" data-settings=\"{&quot;_position&quot;:&quot;absolute&quot;}\" data-widget_type=\"image.default\">\n\t\t\t\t<div class=\"elementor-widget-container\">\n\t\t\t\t\t\t\t\t\t\t\t\t\t\t\t<img fetchpriority=\"high\" decoding=\"async\" width=\"786\" height=\"768\" src=\"https:\/\/quandtproperties.com\/wp-content\/uploads\/2024\/10\/20.svg\" class=\"attachment-full size-full wp-image-4593\" alt=\"\" \/>\t\t\t\t\t\t\t\t\t\t\t\t\t\t\t<\/div>\n\t\t\t\t<\/div>\n\t\t\t\t<div class=\"elementor-element elementor-element-751e42a elementor-widget elementor-widget-heading\" data-id=\"751e42a\" data-element_type=\"widget\" data-widget_type=\"heading.default\">\n\t\t\t\t<div class=\"elementor-widget-container\">\n\t\t\t\t\t<p class=\"elementor-heading-title elementor-size-default\"><h2 style=\"color:white;\">W Quandt Properties relacje stanowi\u0105 fundament ka\u017cdej udanej wsp\u00f3\u0142pracy.<\/h2><br><p style=\"color:white;\">Opinie klient\u00f3w s\u0105 najlepszym dowodem na to, \u017ce nasza wizja \u0142\u0105czenia nowoczesnych rozwi\u0105za\u0144 z indywidualnym podej\u015bciem do ka\u017cdego cz\u0142owieka dzia\u0142a. Poni\u017cej znajdziesz kilka s\u0142\u00f3w od os\u00f3b, kt\u00f3re nam zaufa\u0142y \u2013 to one nap\u0119dzaj\u0105 nas do dzia\u0142ania oraz inspiruj\u0105 do nieustannego podnoszenia standard\u00f3w.<\/p><\/p>\t\t\t\t<\/div>\n\t\t\t\t<\/div>\n\t\t\t\t<div class=\"elementor-element elementor-element-a94d4c2 elementor-shape-rounded elementor-grid-0 e-grid-align-center elementor-widget elementor-widget-social-icons\" data-id=\"a94d4c2\" data-element_type=\"widget\" data-widget_type=\"social-icons.default\">\n\t\t\t\t<div class=\"elementor-widget-container\">\n\t\t\t\t\t\t\t<div class=\"elementor-social-icons-wrapper elementor-grid\" role=\"list\">\n\t\t\t\t\t\t\t<span class=\"elementor-grid-item\" role=\"listitem\">\n\t\t\t\t\t<a class=\"elementor-icon elementor-social-icon elementor-social-icon-instagram elementor-repeater-item-ccaf6f0\" href=\"https:\/\/www.instagram.com\/quandtproperties\/\" target=\"_blank\">\n\t\t\t\t\t\t<span class=\"elementor-screen-only\">Instagram<\/span>\n\t\t\t\t\t\t<svg class=\"e-font-icon-svg e-fab-instagram\" viewBox=\"0 0 448 512\" xmlns=\"http:\/\/www.w3.org\/2000\/svg\"><path d=\"M224.1 141c-63.6 0-114.9 51.3-114.9 114.9s51.3 114.9 114.9 114.9S339 319.5 339 255.9 287.7 141 224.1 141zm0 189.6c-41.1 0-74.7-33.5-74.7-74.7s33.5-74.7 74.7-74.7 74.7 33.5 74.7 74.7-33.6 74.7-74.7 74.7zm146.4-194.3c0 14.9-12 26.8-26.8 26.8-14.9 0-26.8-12-26.8-26.8s12-26.8 26.8-26.8 26.8 12 26.8 26.8zm76.1 27.2c-1.7-35.9-9.9-67.7-36.2-93.9-26.2-26.2-58-34.4-93.9-36.2-37-2.1-147.9-2.1-184.9 0-35.8 1.7-67.6 9.9-93.9 36.1s-34.4 58-36.2 93.9c-2.1 37-2.1 147.9 0 184.9 1.7 35.9 9.9 67.7 36.2 93.9s58 34.4 93.9 36.2c37 2.1 147.9 2.1 184.9 0 35.9-1.7 67.7-9.9 93.9-36.2 26.2-26.2 34.4-58 36.2-93.9 2.1-37 2.1-147.8 0-184.8zM398.8 388c-7.8 19.6-22.9 34.7-42.6 42.6-29.5 11.7-99.5 9-132.1 9s-102.7 2.6-132.1-9c-19.6-7.8-34.7-22.9-42.6-42.6-11.7-29.5-9-99.5-9-132.1s-2.6-102.7 9-132.1c7.8-19.6 22.9-34.7 42.6-42.6 29.5-11.7 99.5-9 132.1-9s102.7-2.6 132.1 9c19.6 7.8 34.7 22.9 42.6 42.6 11.7 29.5 9 99.5 9 132.1s2.7 102.7-9 132.1z\"><\/path><\/svg>\t\t\t\t\t<\/a>\n\t\t\t\t<\/span>\n\t\t\t\t\t\t\t<span class=\"elementor-grid-item\" role=\"listitem\">\n\t\t\t\t\t<a class=\"elementor-icon elementor-social-icon elementor-social-icon-facebook elementor-repeater-item-6b10077\" href=\"https:\/\/www.facebook.com\/profile.php?id=61566570789323\" target=\"_blank\">\n\t\t\t\t\t\t<span class=\"elementor-screen-only\">Facebook<\/span>\n\t\t\t\t\t\t<svg class=\"e-font-icon-svg e-fab-facebook\" viewBox=\"0 0 512 512\" xmlns=\"http:\/\/www.w3.org\/2000\/svg\"><path d=\"M504 256C504 119 393 8 256 8S8 119 8 256c0 123.78 90.69 226.38 209.25 245V327.69h-63V256h63v-54.64c0-62.15 37-96.48 93.67-96.48 27.14 0 55.52 4.84 55.52 4.84v61h-31.28c-30.8 0-40.41 19.12-40.41 38.73V256h68.78l-11 71.69h-57.78V501C413.31 482.38 504 379.78 504 256z\"><\/path><\/svg>\t\t\t\t\t<\/a>\n\t\t\t\t<\/span>\n\t\t\t\t\t<\/div>\n\t\t\t\t\t\t<\/div>\n\t\t\t\t<\/div>\n\t\t\t\t\t<\/div>\n\t\t\t\t<\/div>\n\t\t\t\t\t<\/div>\n\t\t\t\t<\/div>\n\t\t<div class=\"elementor-element elementor-element-20322f4 e-flex e-con-boxed elementor-invisible e-con e-parent\" data-id=\"20322f4\" data-element_type=\"container\" data-settings=\"{&quot;animation&quot;:&quot;fadeInUp&quot;}\">\n\t\t\t\t\t<div class=\"e-con-inner\">\n\t\t<div class=\"elementor-element elementor-element-22a72ae e-flex e-con-boxed elementor-invisible e-con e-child\" data-id=\"22a72ae\" data-element_type=\"container\" data-settings=\"{&quot;animation&quot;:&quot;fadeInUp&quot;}\">\n\t\t\t\t\t<div class=\"e-con-inner\">\n\t\t\t\t<div class=\"elementor-element elementor-element-4ff96a6 elementor-widget elementor-widget-text-editor\" data-id=\"4ff96a6\" data-element_type=\"widget\" data-widget_type=\"text-editor.default\">\n\t\t\t\t<div class=\"elementor-widget-container\">\n\t\t\t\t\t\t\t\t\t<h2><br><\/h2>\n<h2>Maria Rotkiel &#8211; Psycholog<\/h2>\n<p><i>Wsp\u00f3\u0142praca z Quandt Properties otworzy\u0142a nowy rozdzia\u0142 w moim \u017cyciu, a to wszystko dzia\u0142o si\u0119 pod czujn\u0105, profesjonaln\u0105 i daj\u0105c\u0105 maksymalne poczucie bezpiecze\u0144stwa fachow\u0105 opiek\u0105. Polecam t\u0119 wsp\u00f3\u0142prac\u0119 z ca\u0142ego serca.<\/i><\/p>\n<p><i>&nbsp;<\/i><\/p>\n<h2>Beata Rosiak &#8211; Technik plan\u00f3w filmowych<\/h2>\n<p><em>Przy takim zaanga\u017cowaniu ze strony agenta nasza transakcja nie mia\u0142a prawa si\u0119 nie uda\u0107, za co bardzo dzi\u0119kuj\u0119 i polecam.<\/em><\/p>\n<p><em>&nbsp;<\/em><\/p>\n<h2>Grzegorz Bikowski &#8211; Przedsi\u0119biorca<\/h2>\n<p><em>Powierzenie agencji Quandt Properties obs\u0142ugi nieruchomo\u015bci naszych klient\u00f3w by\u0142o strza\u0142em w dziesi\u0105tk\u0119. Dok\u0142adnie takiej wsp\u00f3\u0142pracy, rzetelno\u015bci i zaanga\u017cowania oczekiwa\u0142em od agencji nieruchomo\u015bci.<\/em><\/p>\n<p><em>&nbsp;<\/em><\/p>\n<h2>Natalia Porozi\u0144ska &#8211; Kosmetolog<\/h2>\n<p><em>Ca\u0142e przygotowanie nieruchomo\u015bci do sprzeda\u017cy to pe\u0142en profesjonalizm. Pomoc w kwestiach prawno-spadkowych? Szybsze za\u0142atwienie tych spraw ni\u017c si\u0119 spodziewa\u0142am. Polecam i b\u0119d\u0119 poleca\u0107 dalej \ud83d\ude42<\/em><\/p>\n<p><em>&nbsp;<\/em><\/p>\n<h2>Maria Bertrandt &#8211; Florystka<\/h2>\n<p><em>Je\u015bli chcesz sprzeda\u0107\/kupi\u0107 nieruchomo\u015b\u0107 to zr\u00f3b to, ale tylko z Quandt Properties. Pan Micha\u0142 Quandt &#8211; inteligentny, taktowny, punktualny, s\u0142owny, a w dzia\u0142aniu \u2013 skuteczny. Ma szerokie horyzonty, dobr\u0105 energi\u0119, poczucie humoru. Rozmowa z nim jest zawsze przyjemno\u015bci\u0105. Uwa\u017cnie s\u0142ucha, analizuje i potrafi skojarzy\u0107 odpowiednich ludzi (strony transakcji). To nie jest tylko po\u015brednik. To \u017cyczliwy dobry duch, odpowiedzialny obserwator, kt\u00f3ry ma intuicj\u0119 i szczer\u0105 ch\u0119\u0107 znalezienia optymalnego rozwi\u0105zania. I znalaz\u0142. Dzi\u0119kuj\u0119 Panie Michale.<\/em><\/p>\n<p><em>&nbsp;<\/em><\/p>\n<h2>Marlena Szczepa\u0144ska &#8211; Agent nieruchomo\u015bci<\/h2>\n<p><em>Z wieloma agencjami wsp\u00f3\u0142pracowa\u0142o mi si\u0119 czasem lepiej, czasem gorzej, ale zasady partnerskie oraz obs\u0142uga klient\u00f3w w Quandt Properties s\u0105 na tak wysokim poziomie, kt\u00f3rego pr\u00f3\u017cno szuka\u0107 gdzie\u015b indziej. Szczerze polecam.<\/em><\/p>\n<p><em>&nbsp;<\/em><\/p>\n<h2>Karolina Raczkowska &#8211; Po\u0142o\u017cna<\/h2>\n<p><i>Podejmuj\u0105c wsp\u00f3\u0142prac\u0119 z Quandt Properties mia\u0142am dosy\u0107 sceptyczne nastawienie do biur nieruchomo\u015bci. Natomiast zosta\u0142am mile zaskoczona ich rzetelno\u015bci\u0105, a tak\u017ce przemi\u0142\u0105 atmosfer\u0105 podczas wsp\u00f3\u0142pracy. Dzisiaj nie wyobra\u017cam sobie sprzeda\u017cy mieszkania bez ich pomocy. Szybko, skutecznie i profesjonalnie. Agencja godna polecenia.<\/i><\/p>\t\t\t\t\t\t\t\t<\/div>\n\t\t\t\t<\/div>\n\t\t\t\t\t<\/div>\n\t\t\t\t<\/div>\n\t\t\t\t\t<\/div>\n\t\t\t\t<\/div>\n\t\t<div class=\"elementor-element elementor-element-6b309b4 e-flex e-con-boxed elementor-invisible e-con e-parent\" data-id=\"6b309b4\" data-element_type=\"container\" data-settings=\"{&quot;animation&quot;:&quot;fadeInUp&quot;}\">\n\t\t\t\t\t<div class=\"e-con-inner\">\n\t\t\t\t<div class=\"elementor-element elementor-element-edb736d elementor-widget elementor-widget-heading\" data-id=\"edb736d\" data-element_type=\"widget\" data-widget_type=\"heading.default\">\n\t\t\t\t<div class=\"elementor-widget-container\">\n\t\t\t\t\t<h2 class=\"elementor-heading-title elementor-size-default\">Partnerzy<\/h2>\t\t\t\t<\/div>\n\t\t\t\t<\/div>\n\t\t\t\t<div class=\"elementor-element elementor-element-a62b019 elementor-widget elementor-widget-image\" data-id=\"a62b019\" data-element_type=\"widget\" data-widget_type=\"image.default\">\n\t\t\t\t<div class=\"elementor-widget-container\">\n\t\t\t\t\t\t\t\t\t\t\t\t\t\t\t<img decoding=\"async\" width=\"1024\" height=\"1024\" src=\"https:\/\/quandtproperties.com\/wp-content\/uploads\/2025\/05\/partnerzy2.svg\" class=\"attachment-large size-large wp-image-5440\" alt=\"\" \/>\t\t\t\t\t\t\t\t\t\t\t\t\t\t\t<\/div>\n\t\t\t\t<\/div>\n\t\t\t\t\t<\/div>\n\t\t\t\t<\/div>\n\t\t\t\t<\/div>\n\t\t","protected":false},"excerpt":{"rendered":"<p>Zaufali nam W Quandt Properties relacje stanowi\u0105 fundament ka\u017cdej udanej wsp\u00f3\u0142pracy. Opinie klient\u00f3w s\u0105 najlepszym dowodem na to,&#8230;<\/p>\n","protected":false},"author":1,"featured_media":0,"parent":0,"menu_order":0,"comment_status":"closed","ping_status":"closed","template":"elementor_header_footer","meta":{"inline_featured_image":false,"footnotes":""},"class_list":["post-3449","page","type-page","status-publish","hentry"],"_links":{"self":[{"href":"https:\/\/quandtproperties.com\/index.php\/wp-json\/wp\/v2\/pages\/3449","targetHints":{"allow":["GET"]}}],"collection":[{"href":"https:\/\/quandtproperties.com\/index.php\/wp-json\/wp\/v2\/pages"}],"about":[{"href":"https:\/\/quandtproperties.com\/index.php\/wp-json\/wp\/v2\/types\/page"}],"author":[{"embeddable":true,"href":"https:\/\/quandtproperties.com\/index.php\/wp-json\/wp\/v2\/users\/1"}],"replies":[{"embeddable":true,"href":"https:\/\/quandtproperties.com\/index.php\/wp-json\/wp\/v2\/comments?post=3449"}],"version-history":[{"count":224,"href":"https:\/\/quandtproperties.com\/index.php\/wp-json\/wp\/v2\/pages\/3449\/revisions"}],"predecessor-version":[{"id":5443,"href":"https:\/\/quandtproperties.com\/index.php\/wp-json\/wp\/v2\/pages\/3449\/revisions\/5443"}],"wp:attachment":[{"href":"https:\/\/quandtproperties.com\/index.php\/wp-json\/wp\/v2\/media?parent=3449"}],"curies":[{"name":"wp","href":"https:\/\/api.w.org\/{rel}","templated":true}]}}