{"id":17,"date":"2024-03-06T10:31:51","date_gmt":"2024-03-06T10:31:51","guid":{"rendered":"https:\/\/mthemes.net\/noir\/?page_id=17"},"modified":"2026-02-22T11:33:24","modified_gmt":"2026-02-22T10:33:24","slug":"kariera","status":"publish","type":"page","link":"https:\/\/quandtproperties.com\/index.php\/kariera\/","title":{"rendered":"Zesp\u00f3\u0142"},"content":{"rendered":"\t\t<div data-elementor-type=\"wp-page\" data-elementor-id=\"17\" class=\"elementor elementor-17\" data-elementor-post-type=\"page\">\n\t\t\t\t<div class=\"elementor-element elementor-element-50c5c2e2 e-flex e-con-boxed e-con e-parent\" data-id=\"50c5c2e2\" data-element_type=\"container\" data-settings=\"{&quot;background_background&quot;:&quot;classic&quot;,&quot;background_motion_fx_motion_fx_scrolling&quot;:&quot;yes&quot;,&quot;background_motion_fx_scale_effect&quot;:&quot;yes&quot;,&quot;background_motion_fx_scale_speed&quot;:{&quot;unit&quot;:&quot;px&quot;,&quot;size&quot;:5,&quot;sizes&quot;:[]},&quot;background_motion_fx_scale_direction&quot;:&quot;out-in&quot;,&quot;background_motion_fx_scale_range&quot;:{&quot;unit&quot;:&quot;%&quot;,&quot;size&quot;:&quot;&quot;,&quot;sizes&quot;:{&quot;start&quot;:20,&quot;end&quot;:80}},&quot;background_motion_fx_devices&quot;:[&quot;desktop&quot;,&quot;tablet&quot;,&quot;mobile&quot;]}\">\n\t\t\t\t\t<div class=\"e-con-inner\">\n\t\t\t\t<div class=\"elementor-element elementor-element-7226c4bd elementor-widget elementor-widget-spacer\" data-id=\"7226c4bd\" data-element_type=\"widget\" data-widget_type=\"spacer.default\">\n\t\t\t\t<div class=\"elementor-widget-container\">\n\t\t\t\t\t\t\t<div class=\"elementor-spacer\">\n\t\t\t<div class=\"elementor-spacer-inner\"><\/div>\n\t\t<\/div>\n\t\t\t\t\t\t<\/div>\n\t\t\t\t<\/div>\n\t\t\t\t<div class=\"elementor-element elementor-element-635fa7e4 animated-fast elementor-invisible elementor-widget elementor-widget-heading\" data-id=\"635fa7e4\" data-element_type=\"widget\" data-settings=\"{&quot;_animation&quot;:&quot;fadeInUp&quot;}\" data-widget_type=\"heading.default\">\n\t\t\t\t<div class=\"elementor-widget-container\">\n\t\t\t\t\t<h2 class=\"elementor-heading-title elementor-size-default\"><span>Nasz <\/span>zesp\u00f3\u0142<\/h2>\t\t\t\t<\/div>\n\t\t\t\t<\/div>\n\t\t\t\t<div class=\"elementor-element elementor-element-5e879b43 elementor-widget__width-inherit elementor-absolute elementor-widget elementor-widget-html\" data-id=\"5e879b43\" data-element_type=\"widget\" data-settings=\"{&quot;_position&quot;:&quot;absolute&quot;}\" data-widget_type=\"html.default\">\n\t\t\t\t<div class=\"elementor-widget-container\">\n\t\t\t\t\t\n<!--Waves Container-->\n<div>\n<svg class=\"waves\" xmlns=\"http:\/\/www.w3.org\/2000\/svg\" xmlns:xlink=\"http:\/\/www.w3.org\/1999\/xlink\"\nviewBox=\"0 24 150 28\" preserveAspectRatio=\"none\" shape-rendering=\"auto\">\n<defs>\n<path id=\"gentle-wave\" d=\"M-160 44c30 0 58-18 88-18s 58 18 88 18 58-18 88-18 58 18 88 18 v44h-352z\" \/>\n<\/defs>\n<g class=\"parallax\">\n\n<use xlink:href=\"#gentle-wave\" x=\"48\" y=\"7\" fill=\"#fff\" \/>\n<\/g>\n<\/svg>\n<\/div>\n<!--Waves end-->\n\t\t\t\t<\/div>\n\t\t\t\t<\/div>\n\t\t\t\t\t<\/div>\n\t\t\t\t<\/div>\n\t\t<div class=\"elementor-element elementor-element-2ce9e88 e-flex e-con-boxed elementor-invisible e-con e-parent\" data-id=\"2ce9e88\" data-element_type=\"container\" data-settings=\"{&quot;animation&quot;:&quot;fadeInUp&quot;}\">\n\t\t\t\t\t<div class=\"e-con-inner\">\n\t\t<div class=\"elementor-element elementor-element-eb91b5b e-con-full e-flex e-con e-child\" data-id=\"eb91b5b\" data-element_type=\"container\">\n\t\t\t\t<div class=\"elementor-element elementor-element-e9d16ac elementor-widget elementor-widget-image\" data-id=\"e9d16ac\" data-element_type=\"widget\" data-widget_type=\"image.default\">\n\t\t\t\t<div class=\"elementor-widget-container\">\n\t\t\t\t\t\t\t\t\t\t\t\t\t\t\t<img fetchpriority=\"high\" decoding=\"async\" width=\"1707\" height=\"2560\" src=\"https:\/\/quandtproperties.com\/wp-content\/uploads\/2025\/05\/KTE06397-scaled.jpg\" class=\"attachment-full size-full wp-image-5486\" alt=\"\" srcset=\"https:\/\/quandtproperties.com\/wp-content\/uploads\/2025\/05\/KTE06397-scaled.jpg 1707w, https:\/\/quandtproperties.com\/wp-content\/uploads\/2025\/05\/KTE06397-200x300.jpg 200w, https:\/\/quandtproperties.com\/wp-content\/uploads\/2025\/05\/KTE06397-683x1024.jpg 683w, https:\/\/quandtproperties.com\/wp-content\/uploads\/2025\/05\/KTE06397-768x1152.jpg 768w, https:\/\/quandtproperties.com\/wp-content\/uploads\/2025\/05\/KTE06397-1024x1536.jpg 1024w, https:\/\/quandtproperties.com\/wp-content\/uploads\/2025\/05\/KTE06397-1365x2048.jpg 1365w, https:\/\/quandtproperties.com\/wp-content\/uploads\/2025\/05\/KTE06397-600x900.jpg 600w\" sizes=\"(max-width: 1707px) 100vw, 1707px\" \/>\t\t\t\t\t\t\t\t\t\t\t\t\t\t\t<\/div>\n\t\t\t\t<\/div>\n\t\t\t\t<\/div>\n\t\t<div class=\"elementor-element elementor-element-2dcb6b0 e-con-full e-flex e-con e-child\" data-id=\"2dcb6b0\" data-element_type=\"container\">\n\t\t\t\t<div class=\"elementor-element elementor-element-647b24a elementor-widget elementor-widget-text-editor\" data-id=\"647b24a\" data-element_type=\"widget\" data-widget_type=\"text-editor.default\">\n\t\t\t\t<div class=\"elementor-widget-container\">\n\t\t\t\t\t\t\t\t\t<h2>Micha\u0142 Quandt<\/h2><div>\u00a0<\/div><p>Za\u0142o\u017cyciel QUANDT PROPERTIES, miejsca, w\u00a0kt\u00f3rym realizuje swoje ambicje dokonania zmiany na rynku nieruchomo\u015bci w Polsce. NIERUCHOMO\u015aCI OD(NOWA) to jego motto, kt\u00f3re stara si\u0119 realizowa\u0107 w swoich dzia\u0142aniach i\u00a0filozofii firmy. Szybko buduje warto\u015bciowe relacje z\u00a0kontrahentami. Ambitny, d\u0105\u017c\u0105cy do celu, stawiaj\u0105cy na wysok\u0105 jako\u015b\u0107 i\u00a0transparentno\u015b\u0107 w\u00a0biznesie. Prywatnie mi\u0142o\u015bnik podr\u00f3\u017cy, kosmonautyki i\u00a0duchowo\u015bci. Projekty, kt\u00f3rych si\u0119 podejmuje i\u00a0kt\u00f3re realizuje z\u00a0zespo\u0142em, cz\u0119sto nale\u017c\u0105 do trudnych. Jednak dzi\u0119ki 11-letniemu do\u015bwiadczeniu w sprzeda\u017cy potrafi realizowa\u0107 je nie tylko skutecznie, ale r\u00f3wnie\u017c w\u00a0imponuj\u0105co szybkim tempie.<\/p><p><i class=\"fa\" style=\"font-size: 20px; margin-right: 5px;\">\uf095<\/i> 538 538 309<br \/><i class=\"fa\" style=\"font-size: 16px; margin-right: 5px;\">\uf2b6<\/i> michal@quandtproperties.com<\/p>\t\t\t\t\t\t\t\t<\/div>\n\t\t\t\t<\/div>\n\t\t\t\t<\/div>\n\t\t\t\t\t<\/div>\n\t\t\t\t<\/div>\n\t\t<div class=\"elementor-element elementor-element-e5d82fe e-flex e-con-boxed elementor-invisible e-con e-parent\" data-id=\"e5d82fe\" data-element_type=\"container\" data-settings=\"{&quot;animation&quot;:&quot;fadeInUp&quot;}\">\n\t\t\t\t\t<div class=\"e-con-inner\">\n\t\t<div class=\"elementor-element elementor-element-36f7124 e-con-full e-flex e-con e-child\" data-id=\"36f7124\" data-element_type=\"container\">\n\t\t\t\t<div class=\"elementor-element elementor-element-4de80c1 elementor-widget elementor-widget-image\" data-id=\"4de80c1\" data-element_type=\"widget\" data-widget_type=\"image.default\">\n\t\t\t\t<div class=\"elementor-widget-container\">\n\t\t\t\t\t\t\t\t\t\t\t\t\t\t\t<img decoding=\"async\" width=\"1707\" height=\"2560\" src=\"https:\/\/quandtproperties.com\/wp-content\/uploads\/2025\/05\/JUSTYNA-WWW-scaled.jpg\" class=\"attachment-full size-full wp-image-5469\" alt=\"\" srcset=\"https:\/\/quandtproperties.com\/wp-content\/uploads\/2025\/05\/JUSTYNA-WWW-scaled.jpg 1707w, https:\/\/quandtproperties.com\/wp-content\/uploads\/2025\/05\/JUSTYNA-WWW-200x300.jpg 200w, https:\/\/quandtproperties.com\/wp-content\/uploads\/2025\/05\/JUSTYNA-WWW-683x1024.jpg 683w, https:\/\/quandtproperties.com\/wp-content\/uploads\/2025\/05\/JUSTYNA-WWW-768x1152.jpg 768w, https:\/\/quandtproperties.com\/wp-content\/uploads\/2025\/05\/JUSTYNA-WWW-1024x1536.jpg 1024w, https:\/\/quandtproperties.com\/wp-content\/uploads\/2025\/05\/JUSTYNA-WWW-1365x2048.jpg 1365w, https:\/\/quandtproperties.com\/wp-content\/uploads\/2025\/05\/JUSTYNA-WWW-600x900.jpg 600w\" sizes=\"(max-width: 1707px) 100vw, 1707px\" \/>\t\t\t\t\t\t\t\t\t\t\t\t\t\t\t<\/div>\n\t\t\t\t<\/div>\n\t\t\t\t<\/div>\n\t\t<div class=\"elementor-element elementor-element-37d9fe8 e-con-full e-flex e-con e-child\" data-id=\"37d9fe8\" data-element_type=\"container\">\n\t\t\t\t<div class=\"elementor-element elementor-element-efdb71e elementor-widget elementor-widget-text-editor\" data-id=\"efdb71e\" data-element_type=\"widget\" data-widget_type=\"text-editor.default\">\n\t\t\t\t<div class=\"elementor-widget-container\">\n\t\t\t\t\t\t\t\t\t<h2>Justyna Qunio<\/h2><h3>AGENTKA NIERUCHOMO\u015aCI<\/h3><div>\u00a0<\/div><p>Dzia\u0142a nieszablonowo, z wyj\u0105tkow\u0105 empati\u0105 i skuteczno\u015bci\u0105. \u0141\u0105czy wykszta\u0142cenie prawnicze, wieloletnie do\u015bwiadczenie biznesowe i pasj\u0119 do pracy z lud\u017ami. Nie sprzedaje nieruchomo\u015bci &#8211; dopasowuje przestrze\u0144 do cz\u0142owieka. Z powodzeniem realizuje projekty mieszkaniowe i inwestycyjne, trafnie oceniaj\u0105c potencja\u0142 lokalizacji i strategi\u0119 dzia\u0142ania. Od 15 lat pracuje z lud\u017ami jako certyfikowany coach i trener biznesu. Prywatnie &#8211; mama dw\u00f3ch c\u00f3rek, zakochana w architekturze, podr\u00f3\u017cach i rozwoju. Wierzy, \u017ce \u015bwiadoma zmiana prowadzi do spe\u0142nienia i spokoju.<\/p><p><i class=\"fa\" style=\"font-size: 20px; margin-right: 5px;\">\uf095<\/i>605 322 441<br \/><i class=\"fa\" style=\"font-size: 16px; margin-right: 5px;\">\uf2b6<\/i>justyna.qunio@quandtproperties.com<\/p>\t\t\t\t\t\t\t\t<\/div>\n\t\t\t\t<\/div>\n\t\t\t\t<\/div>\n\t\t\t\t\t<\/div>\n\t\t\t\t<\/div>\n\t\t<div class=\"elementor-element elementor-element-cb1b905 e-flex e-con-boxed elementor-invisible e-con e-parent\" data-id=\"cb1b905\" data-element_type=\"container\" data-settings=\"{&quot;animation&quot;:&quot;fadeInUp&quot;}\">\n\t\t\t\t\t<div class=\"e-con-inner\">\n\t\t<div class=\"elementor-element elementor-element-9d53789 e-con-full e-flex e-con e-child\" data-id=\"9d53789\" data-element_type=\"container\">\n\t\t\t\t<div class=\"elementor-element elementor-element-b8b87e7 elementor-widget elementor-widget-text-editor\" data-id=\"b8b87e7\" data-element_type=\"widget\" data-widget_type=\"text-editor.default\">\n\t\t\t\t<div class=\"elementor-widget-container\">\n\t\t\t\t\t\t\t\t\t<h2>Sara Lepianka<\/h2><h3>AGENTKA NIERUCHOMO\u015aCI<\/h3><div>\u00a0<\/div><p>Z niezwyk\u0142\u0105 \u0142atwo\u015bci\u0105 \u0142\u0105czy analityczny umys\u0142 z artystyczn\u0105 dusz\u0105. Z wykszta\u0142cenia ekonomistka, specjalistka w finansach i rachunkowo\u015bci, a prywatnie pasjonatka wn\u0119trz i dopracowanych detali. Ma wyj\u0105tkowe wyczucie estetyki, a aran\u017cacja przestrzeni to dla niej pasja i spos\u00f3b wyra\u017cania siebie. Dzia\u0142a szybko, z planem i zaanga\u017cowaniem &#8211; bo lubi widzie\u0107 efekty. Jest mam\u0105 dw\u00f3jki dzieci, co dodaje jej energii i motywacji do rozwoju. W codzienno\u015bci dba o r\u00f3wnowag\u0119 &#8211; kocha taniec, sztuk\u0119 i zdrowy styl \u017cycia, \u0142\u0105cz\u0105c ciep\u0142o, dynamik\u0119 i precyzj\u0119.<\/p><p><span style=\"font-family: FontAwesome; font-size: 20px; font-style: normal;\">\uf095\u00a0<\/span><span style=\"font-size: 16px; font-style: normal; font-family: Aptos, Aptos_EmbeddedFont, Aptos_MSFontService, Calibri, Helvetica, sans-serif;\">698 633 623<\/span><br \/><span style=\"font-family: FontAwesome; font-size: 16px; font-style: normal;\">\uf2b6\u00a0<\/span>sara.lepianka@quandtproperties.com<\/p>\t\t\t\t\t\t\t\t<\/div>\n\t\t\t\t<\/div>\n\t\t\t\t<\/div>\n\t\t<div class=\"elementor-element elementor-element-cf918d7 e-con-full e-flex e-con e-child\" data-id=\"cf918d7\" data-element_type=\"container\">\n\t\t\t\t<div class=\"elementor-element elementor-element-1a656e3 elementor-widget elementor-widget-image\" data-id=\"1a656e3\" data-element_type=\"widget\" data-widget_type=\"image.default\">\n\t\t\t\t<div class=\"elementor-widget-container\">\n\t\t\t\t\t\t\t\t\t\t\t\t\t\t\t<img decoding=\"async\" width=\"1707\" height=\"2560\" src=\"https:\/\/quandtproperties.com\/wp-content\/uploads\/2025\/09\/KTE09118-scaled.jpg\" class=\"attachment-full size-full wp-image-5507\" alt=\"\" srcset=\"https:\/\/quandtproperties.com\/wp-content\/uploads\/2025\/09\/KTE09118-scaled.jpg 1707w, https:\/\/quandtproperties.com\/wp-content\/uploads\/2025\/09\/KTE09118-200x300.jpg 200w, https:\/\/quandtproperties.com\/wp-content\/uploads\/2025\/09\/KTE09118-683x1024.jpg 683w, https:\/\/quandtproperties.com\/wp-content\/uploads\/2025\/09\/KTE09118-768x1152.jpg 768w, https:\/\/quandtproperties.com\/wp-content\/uploads\/2025\/09\/KTE09118-1024x1536.jpg 1024w, https:\/\/quandtproperties.com\/wp-content\/uploads\/2025\/09\/KTE09118-1365x2048.jpg 1365w, https:\/\/quandtproperties.com\/wp-content\/uploads\/2025\/09\/KTE09118-600x900.jpg 600w\" sizes=\"(max-width: 1707px) 100vw, 1707px\" \/>\t\t\t\t\t\t\t\t\t\t\t\t\t\t\t<\/div>\n\t\t\t\t<\/div>\n\t\t\t\t<\/div>\n\t\t\t\t\t<\/div>\n\t\t\t\t<\/div>\n\t\t<div class=\"elementor-element elementor-element-aca2e22 e-flex e-con-boxed e-con e-parent\" data-id=\"aca2e22\" data-element_type=\"container\">\n\t\t\t\t\t<div class=\"e-con-inner\">\n\t\t<div class=\"elementor-element elementor-element-65d1839 e-con-full e-flex e-con e-child\" data-id=\"65d1839\" data-element_type=\"container\">\n\t\t\t\t<div class=\"elementor-element elementor-element-fe6bfad elementor-widget elementor-widget-heading\" data-id=\"fe6bfad\" data-element_type=\"widget\" data-widget_type=\"heading.default\">\n\t\t\t\t<div class=\"elementor-widget-container\">\n\t\t\t\t\t<h2 class=\"elementor-heading-title elementor-size-default\">Chcia\u0142by\u015b do nas do\u0142\u0105czy\u0107?<\/h2>\t\t\t\t<\/div>\n\t\t\t\t<\/div>\n\t\t\t\t<div class=\"elementor-element elementor-element-eae0b57 elementor-widget elementor-widget-text-editor\" data-id=\"eae0b57\" data-element_type=\"widget\" data-widget_type=\"text-editor.default\">\n\t\t\t\t<div class=\"elementor-widget-container\">\n\t\t\t\t\t\t\t\t\t<p>Wy\u015blij nam swoje CV. Odpowiemy.<\/p>\t\t\t\t\t\t\t\t<\/div>\n\t\t\t\t<\/div>\n\t\t\t\t<div class=\"elementor-element elementor-element-9bcc4f8 animated-fast elementor-align-center elementor-invisible elementor-widget elementor-widget-button\" data-id=\"9bcc4f8\" data-element_type=\"widget\" data-settings=\"{&quot;_animation&quot;:&quot;fadeInUp&quot;}\" data-widget_type=\"button.default\">\n\t\t\t\t<div class=\"elementor-widget-container\">\n\t\t\t\t\t\t\t\t\t<div class=\"elementor-button-wrapper\">\n\t\t\t\t\t<a class=\"elementor-button elementor-button-link elementor-size-sm elementor-animation-grow\" href=\"https:\/\/quandtproperties.com\/index.php\/kontakt\/\">\n\t\t\t\t\t\t<span class=\"elementor-button-content-wrapper\">\n\t\t\t\t\t\t<span class=\"elementor-button-icon\">\n\t\t\t\t<svg xmlns=\"http:\/\/www.w3.org\/2000\/svg\" viewBox=\"0 0 44 45\" width=\"44\" height=\"45\"><style>.a{fill:#fff;stroke:#fff;stroke-miterlimit:10;stroke-width:3}<\/style><path class=\"a\" d=\"m3.6 2v2.9h33.2l-34.8 35 2.5 2.2 34.9-34.8v33.4h2.9v-38.7z\"><\/path><\/svg>\t\t\t<\/span>\n\t\t\t\t\t\t\t\t\t<span class=\"elementor-button-text\">Napisz do nas<\/span>\n\t\t\t\t\t<\/span>\n\t\t\t\t\t<\/a>\n\t\t\t\t<\/div>\n\t\t\t\t\t\t\t\t<\/div>\n\t\t\t\t<\/div>\n\t\t\t\t<\/div>\n\t\t\t\t\t<\/div>\n\t\t\t\t<\/div>\n\t\t<div class=\"elementor-element elementor-element-e98ed34 e-flex e-con-boxed e-con e-parent\" data-id=\"e98ed34\" data-element_type=\"container\">\n\t\t\t\t\t<div class=\"e-con-inner\">\n\t\t\t\t<div class=\"elementor-element elementor-element-4b3e007 elementor-widget__width-inherit elementor-absolute elementor-widget elementor-widget-html\" data-id=\"4b3e007\" data-element_type=\"widget\" data-settings=\"{&quot;_position&quot;:&quot;absolute&quot;}\" data-widget_type=\"html.default\">\n\t\t\t\t<div class=\"elementor-widget-container\">\n\t\t\t\t\t\n<!--Waves Container-->\n<div>\n<link rel=\"stylesheet\" href=\"https:\/\/cdnjs.cloudflare.com\/ajax\/libs\/font-awesome\/4.7.0\/css\/font-awesome.min.css\">\n<\/div>\n<!--Waves end-->\n\t\t\t\t<\/div>\n\t\t\t\t<\/div>\n\t\t\t\t\t<\/div>\n\t\t\t\t<\/div>\n\t\t\t\t<\/div>\n\t\t","protected":false},"excerpt":{"rendered":"<p>Nasz zesp\u00f3\u0142 Micha\u0142 Quandt \u00a0 Za\u0142o\u017cyciel QUANDT PROPERTIES, miejsca, w\u00a0kt\u00f3rym realizuje swoje ambicje dokonania zmiany na rynku nieruchomo\u015bci&#8230;<\/p>\n","protected":false},"author":1,"featured_media":0,"parent":0,"menu_order":0,"comment_status":"closed","ping_status":"closed","template":"elementor_header_footer","meta":{"inline_featured_image":false,"footnotes":""},"class_list":["post-17","page","type-page","status-publish","hentry"],"_links":{"self":[{"href":"https:\/\/quandtproperties.com\/index.php\/wp-json\/wp\/v2\/pages\/17","targetHints":{"allow":["GET"]}}],"collection":[{"href":"https:\/\/quandtproperties.com\/index.php\/wp-json\/wp\/v2\/pages"}],"about":[{"href":"https:\/\/quandtproperties.com\/index.php\/wp-json\/wp\/v2\/types\/page"}],"author":[{"embeddable":true,"href":"https:\/\/quandtproperties.com\/index.php\/wp-json\/wp\/v2\/users\/1"}],"replies":[{"embeddable":true,"href":"https:\/\/quandtproperties.com\/index.php\/wp-json\/wp\/v2\/comments?post=17"}],"version-history":[{"count":197,"href":"https:\/\/quandtproperties.com\/index.php\/wp-json\/wp\/v2\/pages\/17\/revisions"}],"predecessor-version":[{"id":5542,"href":"https:\/\/quandtproperties.com\/index.php\/wp-json\/wp\/v2\/pages\/17\/revisions\/5542"}],"wp:attachment":[{"href":"https:\/\/quandtproperties.com\/index.php\/wp-json\/wp\/v2\/media?parent=17"}],"curies":[{"name":"wp","href":"https:\/\/api.w.org\/{rel}","templated":true}]}}